{"id":167,"date":"2017-11-09T13:56:18","date_gmt":"2017-11-09T10:56:18","guid":{"rendered":"http:\/\/www.simplecc.net\/?page_id=167"},"modified":"2022-05-30T12:17:19","modified_gmt":"2022-05-30T09:17:19","slug":"teklif-basvurusu","status":"publish","type":"page","link":"https:\/\/www.simplecc.net\/tr\/teklif-basvurusu\/","title":{"rendered":"Ortakl\u0131k Talebi"},"content":{"rendered":"<div id=\"vfb-form-7\" class=\"visual-form-builder-container\"><form id=\"offerte-tr-7\" class=\"visual-form-builder vfb-form-7 \" method=\"post\" enctype=\"multipart\/form-data\">\n\t\t\t<input type=\"hidden\" name=\"form_id\" value=\"7\" \/><fieldset class=\"vfb-fieldset vfb-fieldset-1 ortaklik-talebi \" id=\"item-vfb-93\"><div class=\"vfb-legend\"><h3>Ortakl\u0131k Talebi<\/h3><\/div><ul class=\"vfb-section vfb-section-1\"><li class=\"vfb-item vfb-item-text   vfb-left-half\" id=\"item-vfb-97\"><label for=\"vfb-97\" class=\"vfb-desc\">\u015eirket \u0130smi  <span class=\"vfb-required-asterisk\">*<\/span><\/label><input type=\"text\" name=\"vfb-97\" id=\"vfb-97\" value=\"\" class=\"vfb-text  vfb-medium  required  \" \/><\/li><li class=\"vfb-item vfb-item-text   vfb-right-half\" id=\"item-vfb-98\"><label for=\"vfb-98\" class=\"vfb-desc\">\u0130lgili Ki\u015fi  <span class=\"vfb-required-asterisk\">*<\/span><\/label><input type=\"text\" name=\"vfb-98\" id=\"vfb-98\" value=\"\" class=\"vfb-text  vfb-medium  required  \" \/><\/li><li class=\"vfb-item vfb-item-text   vfb-left-half\" id=\"item-vfb-99\"><label for=\"vfb-99\" class=\"vfb-desc\">\u0130rtibat Kurulacak Ki\u015fi  <span class=\"vfb-required-asterisk\">*<\/span><\/label><input type=\"text\" name=\"vfb-99\" id=\"vfb-99\" value=\"\" class=\"vfb-text  vfb-medium  required  \" \/><\/li><li class=\"vfb-item vfb-item-text   vfb-right-half\" id=\"item-vfb-100\"><label for=\"vfb-100\" class=\"vfb-desc\">Tel  <span class=\"vfb-required-asterisk\">*<\/span><\/label><input type=\"text\" name=\"vfb-100\" id=\"vfb-100\" value=\"\" class=\"vfb-text  vfb-medium  required  number \" \/><\/li><li class=\"vfb-item vfb-item-email   vfb-left-half\" id=\"item-vfb-101\"><label for=\"vfb-101\" class=\"vfb-desc\">Email  <span class=\"vfb-required-asterisk\">*<\/span><\/label><input type=\"email\" name=\"vfb-101\" id=\"vfb-101\" value=\"\" class=\"vfb-text  vfb-medium  required  email \" \/><\/li><div id=\"item-vfb-102\" class=\"vfb-section-div \"><h4>Talep Edilen Hizmet<\/h4><\/div><div class=\"vfb-clear\"><\/div><li class=\"vfb-item vfb-item-checkbox   vfb-left-half\" id=\"item-vfb-103\"><label class=\"vfb-desc\">OUTBOUND <\/label><div><span class=\"vfb-span\"><input type=\"checkbox\" name=\"vfb-103[]\" id=\"vfb-103-0\" value=\"Tele sat\u0131\u015f\" class=\"vfb-checkbox  \" \/><label for=\"vfb-103-0\" class=\"vfb-choice\">Tele sat\u0131\u015f<\/label><\/span><span class=\"vfb-span\"><input type=\"checkbox\" name=\"vfb-103[]\" id=\"vfb-103-1\" value=\"Etkinlik y\u00f6netimi\" class=\"vfb-checkbox  \" \/><label for=\"vfb-103-1\" class=\"vfb-choice\">Etkinlik y\u00f6netimi<\/label><\/span><span class=\"vfb-span\"><input type=\"checkbox\" name=\"vfb-103[]\" id=\"vfb-103-2\" value=\"M\u00fc\u015fteri y\u00f6netimi\" class=\"vfb-checkbox  \" \/><label for=\"vfb-103-2\" class=\"vfb-choice\">M\u00fc\u015fteri y\u00f6netimi<\/label><\/span><span class=\"vfb-span\"><input type=\"checkbox\" name=\"vfb-103[]\" id=\"vfb-103-3\" value=\"Memnuniyetlik anketleri\" class=\"vfb-checkbox  \" \/><label for=\"vfb-103-3\" class=\"vfb-choice\">Memnuniyetlik anketleri<\/label><\/span><span class=\"vfb-span\"><input type=\"checkbox\" name=\"vfb-103[]\" id=\"vfb-103-4\" value=\"Talep olu\u015fumu\" class=\"vfb-checkbox  \" \/><label for=\"vfb-103-4\" class=\"vfb-choice\">Talep olu\u015fumu<\/label><\/span><span class=\"vfb-span\"><input type=\"checkbox\" name=\"vfb-103[]\" id=\"vfb-103-5\" value=\"Veri toplama\" class=\"vfb-checkbox  \" \/><label for=\"vfb-103-5\" class=\"vfb-choice\">Veri toplama<\/label><\/span><div style=\"clear:both\"><\/div><\/div><\/li><li class=\"vfb-item vfb-item-checkbox   vfb-right-half\" id=\"item-vfb-104\"><label class=\"vfb-desc\">INBOUND <\/label><div><span class=\"vfb-span\"><input type=\"checkbox\" name=\"vfb-104[]\" id=\"vfb-104-0\" value=\"\u00c7\u00f6z\u00fcm masas\u0131\" class=\"vfb-checkbox  \" \/><label for=\"vfb-104-0\" class=\"vfb-choice\">\u00c7\u00f6z\u00fcm masas\u0131<\/label><\/span><span class=\"vfb-span\"><input type=\"checkbox\" name=\"vfb-104[]\" id=\"vfb-104-1\" value=\"Sat\u0131\u015f sonras\u0131 hizmet\" class=\"vfb-checkbox  \" \/><label for=\"vfb-104-1\" class=\"vfb-choice\">Sat\u0131\u015f sonras\u0131 hizmet<\/label><\/span><span class=\"vfb-span\"><input type=\"checkbox\" name=\"vfb-104[]\" id=\"vfb-104-2\" value=\"Rezervasyonlar\" class=\"vfb-checkbox  \" \/><label for=\"vfb-104-2\" class=\"vfb-choice\">Rezervasyonlar<\/label><\/span><span class=\"vfb-span\"><input type=\"checkbox\" name=\"vfb-104[]\" id=\"vfb-104-3\" value=\"M\u00fc\u015fteri hizmetleri\" class=\"vfb-checkbox  \" \/><label for=\"vfb-104-3\" class=\"vfb-choice\">M\u00fc\u015fteri hizmetleri<\/label><\/span><span class=\"vfb-span\"><input type=\"checkbox\" name=\"vfb-104[]\" id=\"vfb-104-4\" value=\"Kar\u015f\u0131lama\" class=\"vfb-checkbox  \" \/><label for=\"vfb-104-4\" class=\"vfb-choice\">Kar\u015f\u0131lama<\/label><\/span><span class=\"vfb-span\"><input type=\"checkbox\" name=\"vfb-104[]\" id=\"vfb-104-5\" value=\"Sipari\u015f kay\u0131tlar\u0131\" class=\"vfb-checkbox  \" \/><label for=\"vfb-104-5\" class=\"vfb-choice\">Sipari\u015f kay\u0131tlar\u0131<\/label><\/span><div style=\"clear:both\"><\/div><\/div><\/li><div id=\"item-vfb-105\" class=\"vfb-section-div \"><h4>Hedef kitle<\/h4><\/div><div class=\"vfb-clear\"><\/div><li class=\"vfb-item vfb-item-radio  \" id=\"item-vfb-106\"><label class=\"vfb-desc\">Hedef kitle <\/label><div><span class=\"vfb-span\"><input type=\"radio\" name=\"vfb-106\" id=\"vfb-106-1\" value=\"B2B\" class=\"vfb-radio  \" \/><label for=\"vfb-106-1\" class=\"vfb-choice\">B2B<\/label><\/span><span class=\"vfb-span\"><input type=\"radio\" name=\"vfb-106\" id=\"vfb-106-2\" value=\"B2C\" class=\"vfb-radio  \" \/><label for=\"vfb-106-2\" class=\"vfb-choice\">B2C<\/label><\/span><div style=\"clear:both\"><\/div><\/div><\/li><div id=\"item-vfb-107\" class=\"vfb-section-div \"><h4>Dil<\/h4><\/div><div class=\"vfb-clear\"><\/div><li class=\"vfb-item vfb-item-checkbox  vfb-two-column \" id=\"item-vfb-108\"><label class=\"vfb-desc\">Dil <\/label><div><span class=\"vfb-span\"><input type=\"checkbox\" name=\"vfb-108[]\" id=\"vfb-108-0\" value=\"Hollandaca\" class=\"vfb-checkbox  \" \/><label for=\"vfb-108-0\" class=\"vfb-choice\">Hollandaca<\/label><\/span><span class=\"vfb-span\"><input type=\"checkbox\" name=\"vfb-108[]\" id=\"vfb-108-1\" value=\"Frans\u0131zca\" class=\"vfb-checkbox  \" \/><label for=\"vfb-108-1\" class=\"vfb-choice\">Frans\u0131zca<\/label><\/span><span class=\"vfb-span\"><input type=\"checkbox\" name=\"vfb-108[]\" id=\"vfb-108-2\" value=\"\u0130ngilizce\" class=\"vfb-checkbox  \" \/><label for=\"vfb-108-2\" class=\"vfb-choice\">\u0130ngilizce<\/label><\/span><span class=\"vfb-span\"><input type=\"checkbox\" name=\"vfb-108[]\" id=\"vfb-108-3\" value=\"Almanca\" class=\"vfb-checkbox  \" \/><label for=\"vfb-108-3\" class=\"vfb-choice\">Almanca<\/label><\/span><span class=\"vfb-span\"><input type=\"checkbox\" name=\"vfb-108[]\" id=\"vfb-108-4\" value=\"T\u00fcrk\u00e7e\" class=\"vfb-checkbox  \" \/><label for=\"vfb-108-4\" class=\"vfb-choice\">T\u00fcrk\u00e7e<\/label><\/span><span class=\"vfb-span\"><input type=\"checkbox\" name=\"vfb-108[]\" id=\"vfb-108-5\" value=\"Arap\u00e7a\" class=\"vfb-checkbox  \" \/><label for=\"vfb-108-5\" class=\"vfb-choice\">Arap\u00e7a<\/label><\/span><div style=\"clear:both\"><\/div><\/div><\/li><div id=\"item-vfb-110\" class=\"vfb-section-div \"><h4>Vardiya<\/h4><\/div><div class=\"vfb-clear\"><\/div><li class=\"vfb-item vfb-item-radio  \" id=\"item-vfb-109\"><label class=\"vfb-desc\">Vardiya <\/label><div><span class=\"vfb-span\"><input type=\"radio\" name=\"vfb-109\" id=\"vfb-109-1\" value=\"Full time\" class=\"vfb-radio  \" \/><label for=\"vfb-109-1\" class=\"vfb-choice\">Full time<\/label><\/span><span class=\"vfb-span\"><input type=\"radio\" name=\"vfb-109\" id=\"vfb-109-2\" value=\"Part time\" class=\"vfb-radio  \" \/><label for=\"vfb-109-2\" class=\"vfb-choice\">Part time<\/label><\/span><div style=\"clear:both\"><\/div><\/div><\/li><li class=\"vfb-item vfb-item-checkbox  \" id=\"item-vfb-117\"><label class=\"vfb-desc\">Gece Servisi <\/label><div><span class=\"vfb-span\"><input type=\"checkbox\" name=\"vfb-117[]\" id=\"vfb-117-0\" value=\"Gece Servisi (Gece Servisi 20:00- 06:00 saatleri aras\u0131d\u0131r.)\" class=\"vfb-checkbox  \" \/><label for=\"vfb-117-0\" class=\"vfb-choice\">Gece Servisi (Gece Servisi 20:00- 06:00 saatleri aras\u0131d\u0131r.)<\/label><\/span><div style=\"clear:both\"><\/div><\/div><\/li><div id=\"item-vfb-111\" class=\"vfb-section-div \"><h4>Platform<\/h4><\/div><div class=\"vfb-clear\"><\/div><li class=\"vfb-item vfb-item-radio  vfb-two-column \" id=\"item-vfb-112\"><label class=\"vfb-desc\">Platform <\/label><div><span class=\"vfb-span\"><input type=\"radio\" name=\"vfb-112\" id=\"vfb-112-1\" value=\"Simple Group\" class=\"vfb-radio  \" \/><label for=\"vfb-112-1\" class=\"vfb-choice\">Simple Group<\/label><\/span><span class=\"vfb-span\"><input type=\"radio\" name=\"vfb-112\" id=\"vfb-112-2\" value=\"Kendi\" class=\"vfb-radio  \" \/><label for=\"vfb-112-2\" class=\"vfb-choice\">Kendi<\/label><\/span><div style=\"clear:both\"><\/div><\/div><\/li><div id=\"item-vfb-113\" class=\"vfb-section-div \"><h4>Veritaban\u0131<\/h4><\/div><div class=\"vfb-clear\"><\/div><li class=\"vfb-item vfb-item-radio  vfb-two-column \" id=\"item-vfb-114\"><label class=\"vfb-desc\">Veritaban\u0131 <\/label><div><span class=\"vfb-span\"><input type=\"radio\" name=\"vfb-114\" id=\"vfb-114-1\" value=\"Simple Group\" class=\"vfb-radio  \" \/><label for=\"vfb-114-1\" class=\"vfb-choice\">Simple Group<\/label><\/span><span class=\"vfb-span\"><input type=\"radio\" name=\"vfb-114\" id=\"vfb-114-2\" value=\"Kendi\" class=\"vfb-radio  \" \/><label for=\"vfb-114-2\" class=\"vfb-choice\">Kendi<\/label><\/span><div style=\"clear:both\"><\/div><\/div><\/li><div id=\"item-vfb-115\" class=\"vfb-section-div \"><h4>A\u00e7\u0131klamalar<\/h4><\/div><div class=\"vfb-clear\"><\/div><li class=\"vfb-item vfb-item-textarea  \" id=\"item-vfb-116\"><label for=\"vfb-116\" class=\"vfb-desc\">A\u00e7\u0131klamalar <\/label><div><span class=\"vfb-span\"><label>T\u00fcm ek bilgiler burada belirtilebilir<\/label><\/span><textarea name=\"vfb-116\" id=\"vfb-116\" class=\"vfb-textarea  vfb-medium  \"><\/textarea><\/div><\/li><\/ul>&nbsp;<\/fieldset><fieldset class=\"vfb-fieldset vfb-fieldset-2 dogrulama \" id=\"item-vfb-94\" style=\"display:block\"><div class=\"vfb-legend\"><h3>Do\u011frulama<\/h3><\/div><ul class=\"vfb-section vfb-section-2\"><li class=\"vfb-item vfb-item-secret\"  style=\"display:block\"><label for=\"vfb-95\" class=\"vfb-desc\">l\u00fctfen yan yana iki rakam giriniz <span class=\"vfb-required-asterisk\">*<\/span><\/label><input type=\"hidden\" name=\"_vfb-secret\" value=\"vfb-95\" \/><span class=\"vfb-span\"><input type=\"text\" name=\"vfb-95\" id=\"vfb-95\" value=\"\" class=\"vfb-text  vfb-small  required {digits:true,maxlength:2,minlength:2} \" style=\"display:block\" \/><label>\u00d6rnek: 12<\/label><\/span><li style=\"display:none;\"><label>This box is for spam protection - <strong>please leave it blank<\/strong>:<\/label><div><input name=\"vfb-spam\" \/><\/div><\/li>\n\t\t\t<li class=\"vfb-item vfb-item-submit\" id=\"item-vfb-96\">\n\t\t\t\t\t\t<input type=\"submit\" name=\"vfb-submit\" id=\"vfb-96\" value=\"G\u00f6nder\" class=\"vfb-submit \" \/>\n\t\t\t\t\t\t<\/li><\/ul>\n\t\t\t<\/fieldset><input type=\"hidden\" name=\"_wp_http_referer\" value=\"\/tr\/wp-json\/wp\/v2\/pages\/167\" \/><\/form><\/div> <!-- .visual-form-builder-container -->\n","protected":false},"excerpt":{"rendered":"","protected":false},"author":1,"featured_media":0,"parent":0,"menu_order":0,"comment_status":"closed","ping_status":"closed","template":"","meta":{"om_disable_all_campaigns":false,"inline_featured_image":false,"_monsterinsights_skip_tracking":false,"_monsterinsights_sitenote_active":false,"_monsterinsights_sitenote_note":"","_monsterinsights_sitenote_category":0},"_links":{"self":[{"href":"https:\/\/www.simplecc.net\/tr\/wp-json\/wp\/v2\/pages\/167"}],"collection":[{"href":"https:\/\/www.simplecc.net\/tr\/wp-json\/wp\/v2\/pages"}],"about":[{"href":"https:\/\/www.simplecc.net\/tr\/wp-json\/wp\/v2\/types\/page"}],"author":[{"embeddable":true,"href":"https:\/\/www.simplecc.net\/tr\/wp-json\/wp\/v2\/users\/1"}],"replies":[{"embeddable":true,"href":"https:\/\/www.simplecc.net\/tr\/wp-json\/wp\/v2\/comments?post=167"}],"version-history":[{"count":3,"href":"https:\/\/www.simplecc.net\/tr\/wp-json\/wp\/v2\/pages\/167\/revisions"}],"predecessor-version":[{"id":1228,"href":"https:\/\/www.simplecc.net\/tr\/wp-json\/wp\/v2\/pages\/167\/revisions\/1228"}],"wp:attachment":[{"href":"https:\/\/www.simplecc.net\/tr\/wp-json\/wp\/v2\/media?parent=167"}],"curies":[{"name":"wp","href":"https:\/\/api.w.org\/{rel}","templated":true}]}}