{"id":163,"date":"2017-11-09T13:54:59","date_gmt":"2017-11-09T10:54:59","guid":{"rendered":"http:\/\/www.simplecc.net\/?page_id=163"},"modified":"2022-05-30T12:13:34","modified_gmt":"2022-05-30T09:13:34","slug":"neden-biz","status":"publish","type":"page","link":"https:\/\/www.simplecc.net\/tr\/neden-biz\/","title":{"rendered":"Neden Biz?"},"content":{"rendered":"<p><strong>Bir \u015firket olarak, performans\u0131n\u0131z\u0131 optimize etmenizi ve giderlerinizi en d\u00fc\u015f\u00fck d\u00fczeye indirgemenizi garanti ederiz; \u0130ste\u011finiz bizim i\u015fimizdir!<\/strong><\/p>\n<p><strong>De\u011ferlerimiz, G\u00fcc\u00fcm\u00fcz:<\/strong><\/p>\n<ul class=\"content\">\n<li>Verimlilik, titizlik, kalite ve h\u0131zl\u0131 yan\u0131t verme anahtar kelimelerimizdir.<\/li>\n<li>B\u00f6ylece operasyonel zorluklar\u0131n\u0131z\u0131\/beklentilerinizi\/zorunluluklar\u0131n\u0131z\u0131 kar\u015f\u0131layan bir hizmetin garantisini veriyoruz.<\/li>\n<li>Hedef pazarlar\u0131n\u0131z\u0131n s\u00fcrekli izlenmesinden kaynaklanan bir teklif g\u00fcc\u00fc.<\/li>\n<\/ul>\n<p><strong>Prosed\u00fcrlerimiz, verimlilik garantimiz:<\/strong><\/p>\n<ul class=\"content\">\n<li>M\u00fc\u015fteri ili\u015fkileri uzmanlar\u0131m\u0131z taraf\u0131ndan d\u00fc\u015f\u00fcn\u00fcl\u00fcp uygulanan prosed\u00fcrlerimiz, hedef pazarlar\u0131n\u0131z\u0131n geli\u015fimini desteklemek i\u00e7in d\u00fczenli olarak test edilir ve g\u00fcncellenir ve asla a\u015f\u0131lmaz.<\/li>\n<li>Araya giren departman y\u00f6neticilerimiz taraf\u0131ndan spesifikasyonlar\u0131n\u0131z\u0131n verimli bir \u015fekilde okunmas\u0131 ve analizi.<\/li>\n<li>Proje analizi uzmanlar\u0131m\u0131zla yap\u0131lan g\u00f6r\u00fc\u015fmeler s\u0131ras\u0131nda ihtiya\u00e7 ve beklentilerinizin analizi.<\/li>\n<li>\u00d6zel olarak atanm\u0131\u015f bir proje y\u00f6neticisi.<\/li>\n<li>Kendi m\u00fcdahale alanlar\u0131nda (i\u015fe al\u0131m, e\u011fitim, \u00fcretim kalitesi, BT, vb.) uzman olan muhataplar.<\/li>\n<li>Son teknoloji altyap\u0131.<\/li>\n<li>Optimum veri korumas\u0131.<\/li>\n<li>Hedef \u00fclkelerde y\u00fcr\u00fcrl\u00fckte olan standartlara tam uyum.<\/li>\n<\/ul>\n<p><a style=\"background-color: #9f1d21; padding: 5px 10px; color: #fff;\" href=\"\/tr\/teklif-basvurusu\/\">Buradan Ke\u015ffedin <i class=\"fa fa-arrow-circle-right\"><\/i><\/a><\/p>\n","protected":false},"excerpt":{"rendered":"Bir \u015firket olarak, performans\u0131n\u0131z\u0131 optimize etmenizi ve giderlerinizi en d\u00fc\u015f\u00fck d\u00fczeye indirgemenizi garanti ederiz; \u0130ste\u011finiz bizim i\u015fimizdir! De\u011ferlerimiz, G\u00fcc\u00fcm\u00fcz: Verimlilik, titizlik, kalite ve h\u0131zl\u0131 yan\u0131t verme anahtar kelimelerimizdir. B\u00f6ylece operasyonel zorluklar\u0131n\u0131z\u0131\/beklentilerinizi\/zorunluluklar\u0131n\u0131z\u0131 kar\u015f\u0131layan bir hizmetin garantisini veriyoruz. Hedef pazarlar\u0131n\u0131z\u0131n s\u00fcrekli izlenmesinden kaynaklanan bir teklif g\u00fcc\u00fc. Prosed\u00fcrlerimiz, verimlilik garantimiz: M\u00fc\u015fteri ili\u015fkileri uzmanlar\u0131m\u0131z taraf\u0131ndan d\u00fc\u015f\u00fcn\u00fcl\u00fcp uygulanan prosed\u00fcrlerimiz, hedef&#8230; <a class=\"view-article\" href=\"https:\/\/www.simplecc.net\/tr\/neden-biz\/\">Devam\u0131<\/a>","protected":false},"author":1,"featured_media":0,"parent":0,"menu_order":0,"comment_status":"closed","ping_status":"closed","template":"","meta":{"om_disable_all_campaigns":false,"inline_featured_image":false,"_monsterinsights_skip_tracking":false,"_monsterinsights_sitenote_active":false,"_monsterinsights_sitenote_note":"","_monsterinsights_sitenote_category":0},"_links":{"self":[{"href":"https:\/\/www.simplecc.net\/tr\/wp-json\/wp\/v2\/pages\/163"}],"collection":[{"href":"https:\/\/www.simplecc.net\/tr\/wp-json\/wp\/v2\/pages"}],"about":[{"href":"https:\/\/www.simplecc.net\/tr\/wp-json\/wp\/v2\/types\/page"}],"author":[{"embeddable":true,"href":"https:\/\/www.simplecc.net\/tr\/wp-json\/wp\/v2\/users\/1"}],"replies":[{"embeddable":true,"href":"https:\/\/www.simplecc.net\/tr\/wp-json\/wp\/v2\/comments?post=163"}],"version-history":[{"count":5,"href":"https:\/\/www.simplecc.net\/tr\/wp-json\/wp\/v2\/pages\/163\/revisions"}],"predecessor-version":[{"id":1216,"href":"https:\/\/www.simplecc.net\/tr\/wp-json\/wp\/v2\/pages\/163\/revisions\/1216"}],"wp:attachment":[{"href":"https:\/\/www.simplecc.net\/tr\/wp-json\/wp\/v2\/media?parent=163"}],"curies":[{"name":"wp","href":"https:\/\/api.w.org\/{rel}","templated":true}]}}