{"id":161,"date":"2017-11-09T13:50:53","date_gmt":"2017-11-09T10:50:53","guid":{"rendered":"http:\/\/www.simplecc.net\/?page_id=161"},"modified":"2022-05-30T13:53:21","modified_gmt":"2022-05-30T10:53:21","slug":"insan-kaynaklari","status":"publish","type":"page","link":"https:\/\/www.simplecc.net\/tr\/insan-kaynaklari\/","title":{"rendered":"\u0130nsan Kaynaklar\u0131"},"content":{"rendered":"<p>Simple Group i\u00e7erisinde i\u015fe al\u0131m, i\u015fe alma sorumlusu taraf\u0131ndan yap\u0131lmaktad\u0131r. \u00c7e\u015fitli uygulama siteleri ve bro\u015f\u00fcrler sayesinde potansiyel adaylar\u0131n kapsaml\u0131 bir veri taban\u0131n\u0131 olu\u015fturduk. Telefon g\u00f6r\u00fc\u015fmesinden sonra, i\u015fe alma sorumlusu bir i\u015f g\u00f6r\u00fc\u015fmesine hak kazan\u0131p kazanmad\u0131\u011f\u0131na karar verir. Bu bran\u015f i\u00e7in belirli yeteneklere sahip personele mi ihtiyac\u0131n\u0131z var? Size en uygun aday\u0131 bulman\u0131za yard\u0131mc\u0131 olmaktan mutluluk duyar\u0131z.<\/p>\n","protected":false},"excerpt":{"rendered":"Simple Group i\u00e7erisinde i\u015fe al\u0131m, i\u015fe alma sorumlusu taraf\u0131ndan yap\u0131lmaktad\u0131r. \u00c7e\u015fitli uygulama siteleri ve bro\u015f\u00fcrler sayesinde potansiyel adaylar\u0131n kapsaml\u0131 bir veri taban\u0131n\u0131 olu\u015fturduk. Telefon g\u00f6r\u00fc\u015fmesinden sonra, i\u015fe alma sorumlusu bir i\u015f g\u00f6r\u00fc\u015fmesine hak kazan\u0131p kazanmad\u0131\u011f\u0131na karar verir. Bu bran\u015f i\u00e7in belirli yeteneklere sahip personele mi ihtiyac\u0131n\u0131z var? Size en uygun aday\u0131 bulman\u0131za yard\u0131mc\u0131 olmaktan mutluluk&#8230; <a class=\"view-article\" href=\"https:\/\/www.simplecc.net\/tr\/insan-kaynaklari\/\">Devam\u0131<\/a>","protected":false},"author":1,"featured_media":1221,"parent":0,"menu_order":0,"comment_status":"closed","ping_status":"closed","template":"","meta":{"om_disable_all_campaigns":false,"inline_featured_image":false,"_monsterinsights_skip_tracking":false,"_monsterinsights_sitenote_active":false,"_monsterinsights_sitenote_note":"","_monsterinsights_sitenote_category":0},"_links":{"self":[{"href":"https:\/\/www.simplecc.net\/tr\/wp-json\/wp\/v2\/pages\/161"}],"collection":[{"href":"https:\/\/www.simplecc.net\/tr\/wp-json\/wp\/v2\/pages"}],"about":[{"href":"https:\/\/www.simplecc.net\/tr\/wp-json\/wp\/v2\/types\/page"}],"author":[{"embeddable":true,"href":"https:\/\/www.simplecc.net\/tr\/wp-json\/wp\/v2\/users\/1"}],"replies":[{"embeddable":true,"href":"https:\/\/www.simplecc.net\/tr\/wp-json\/wp\/v2\/comments?post=161"}],"version-history":[{"count":1,"href":"https:\/\/www.simplecc.net\/tr\/wp-json\/wp\/v2\/pages\/161\/revisions"}],"predecessor-version":[{"id":162,"href":"https:\/\/www.simplecc.net\/tr\/wp-json\/wp\/v2\/pages\/161\/revisions\/162"}],"wp:featuredmedia":[{"embeddable":true,"href":"https:\/\/www.simplecc.net\/tr\/wp-json\/wp\/v2\/media\/1221"}],"wp:attachment":[{"href":"https:\/\/www.simplecc.net\/tr\/wp-json\/wp\/v2\/media?parent=161"}],"curies":[{"name":"wp","href":"https:\/\/api.w.org\/{rel}","templated":true}]}}