{"id":155,"date":"2017-11-09T13:48:57","date_gmt":"2017-11-09T10:48:57","guid":{"rendered":"http:\/\/www.simplecc.net\/?page_id=155"},"modified":"2022-05-30T13:54:18","modified_gmt":"2022-05-30T10:54:18","slug":"kalitemiz","status":"publish","type":"page","link":"https:\/\/www.simplecc.net\/tr\/kalitemiz\/","title":{"rendered":"Kalitemiz"},"content":{"rendered":"<p><strong>\u0130NSAN KAYNAKLARI<\/strong><\/p>\n<p>Bizim \u00e7al\u0131\u015fanlar\u0131m\u0131z, ba\u015far\u0131 kayna\u011f\u0131m\u0131zd\u0131r ve endi\u015felerimizin kalbinde kal\u0131rlar; bu nedenle, \u00e7izgimizi do\u011fru y\u00f6nde belirlemek i\u00e7in her aday\u0131n profillerini analiz etmeye ba\u015flamak ve atamay\u0131 tamamlamak i\u00e7in becerilerini de\u011ferlendirerek her se\u00e7im, e\u011fitim ve i\u015fe al\u0131mda en y\u00fcksek kaliteyi ara\u015ft\u0131rmaktay\u0131z.<\/p>\n<p><strong>E\u011e\u0130T\u0130MLER\u0130M\u0130Z<\/strong><\/p>\n<p>E\u011fitimlerimiz birka\u00e7 ad\u0131mdan olu\u015fur, m\u00fc\u015fterilerimizin farkl\u0131 sistemlerindeki e\u011fitimini unutmamak i\u00e7in yeni metod olan &#8220;serious games\u201d y\u00f6ntemlerini kullan\u0131r\u0131z.<br \/>\nOperasyonel \u00e7a\u011fr\u0131 dan\u0131\u015fmanlar\u0131m\u0131z\u0131n m\u00fcdahalesi kal\u0131c\u0131 bir e\u011fitim kalitesini garanti eder.<\/p>\n<p>E\u011fitim s\u00fcreci bir kampanyan\u0131n ba\u015flang\u0131c\u0131nda sona ermez, ayn\u0131 zamanda t\u00fcm \u00e7al\u0131\u015fanlar\u0131m\u0131z\u0131n iyile\u015ftirme g\u00fc\u00e7lerine ve alanlar\u0131na dayanan kal\u0131c\u0131 \u00f6zel e\u011fitim veren Kalite Kontrol Departman\u0131m\u0131z taraf\u0131ndan da ele al\u0131nmaktad\u0131r.<\/p>\n<p><strong>KAL\u0130TE KONTROL\u00dc<\/strong><\/p>\n<p>Kalite Kontrol departman\u0131m\u0131zdaki farkl\u0131 s\u00fcre\u00e7lerin bir amac\u0131 vard\u0131r ve bu m\u00fc\u015fterilerimizin deneyimini iyile\u015ftirmektir.<\/p>\n<p><strong>TEKNOLOJ\u0130K YAPI <\/strong><\/p>\n<p>Projeleri ger\u00e7ekle\u015ftirmek i\u00e7in maksimum verimlilik ve kontrol i\u00e7in geli\u015fmi\u015f teknoloji.<\/p>\n<p><strong>KAL\u0130TEN\u0130N TAK\u0130B\u0130<\/strong> :<\/p>\n<ul class=\"content\">\n<li>G\u00f6r\u00fc\u015fmelerin takibi (ger\u00e7ek zamanl\u0131)<\/li>\n<li>\u0130\u015flemlerin y\u00fcr\u00fct\u00fclmesinin kontrol\u00fc<\/li>\n<li>M\u00fc\u015fteriye raporlama<\/li>\n<li>Sonu\u00e7lar\u0131 analiz etme<\/li>\n<\/ul>\n","protected":false},"excerpt":{"rendered":"\u0130NSAN KAYNAKLARI Bizim \u00e7al\u0131\u015fanlar\u0131m\u0131z, ba\u015far\u0131 kayna\u011f\u0131m\u0131zd\u0131r ve endi\u015felerimizin kalbinde kal\u0131rlar; bu nedenle, \u00e7izgimizi do\u011fru y\u00f6nde belirlemek i\u00e7in her aday\u0131n profillerini analiz etmeye ba\u015flamak ve atamay\u0131 tamamlamak i\u00e7in becerilerini de\u011ferlendirerek her se\u00e7im, e\u011fitim ve i\u015fe al\u0131mda en y\u00fcksek kaliteyi ara\u015ft\u0131rmaktay\u0131z. E\u011e\u0130T\u0130MLER\u0130M\u0130Z E\u011fitimlerimiz birka\u00e7 ad\u0131mdan olu\u015fur, m\u00fc\u015fterilerimizin farkl\u0131 sistemlerindeki e\u011fitimini unutmamak i\u00e7in yeni metod olan &#8220;serious games\u201d&#8230; <a class=\"view-article\" href=\"https:\/\/www.simplecc.net\/tr\/kalitemiz\/\">Devam\u0131<\/a>","protected":false},"author":1,"featured_media":11,"parent":0,"menu_order":0,"comment_status":"closed","ping_status":"closed","template":"","meta":{"om_disable_all_campaigns":false,"inline_featured_image":false,"_monsterinsights_skip_tracking":false,"_monsterinsights_sitenote_active":false,"_monsterinsights_sitenote_note":"","_monsterinsights_sitenote_category":0},"_links":{"self":[{"href":"https:\/\/www.simplecc.net\/tr\/wp-json\/wp\/v2\/pages\/155"}],"collection":[{"href":"https:\/\/www.simplecc.net\/tr\/wp-json\/wp\/v2\/pages"}],"about":[{"href":"https:\/\/www.simplecc.net\/tr\/wp-json\/wp\/v2\/types\/page"}],"author":[{"embeddable":true,"href":"https:\/\/www.simplecc.net\/tr\/wp-json\/wp\/v2\/users\/1"}],"replies":[{"embeddable":true,"href":"https:\/\/www.simplecc.net\/tr\/wp-json\/wp\/v2\/comments?post=155"}],"version-history":[{"count":1,"href":"https:\/\/www.simplecc.net\/tr\/wp-json\/wp\/v2\/pages\/155\/revisions"}],"predecessor-version":[{"id":156,"href":"https:\/\/www.simplecc.net\/tr\/wp-json\/wp\/v2\/pages\/155\/revisions\/156"}],"wp:featuredmedia":[{"embeddable":true,"href":"https:\/\/www.simplecc.net\/tr\/wp-json\/wp\/v2\/media\/11"}],"wp:attachment":[{"href":"https:\/\/www.simplecc.net\/tr\/wp-json\/wp\/v2\/media?parent=155"}],"curies":[{"name":"wp","href":"https:\/\/api.w.org\/{rel}","templated":true}]}}