{"id":151,"date":"2017-11-09T13:45:36","date_gmt":"2017-11-09T10:45:36","guid":{"rendered":"http:\/\/www.simplecc.net\/?page_id=151"},"modified":"2022-05-30T13:55:30","modified_gmt":"2022-05-30T10:55:30","slug":"referanslar","status":"publish","type":"page","link":"https:\/\/www.simplecc.net\/tr\/referanslar\/","title":{"rendered":"Referanslar"},"content":{"rendered":"<div class=\"linkList\">\n<ul>\n<li><a href=\"\/tr\/referanslar\/partnerlerimiz\/\">Partnerlerimiz<\/a><\/li>\n<li><a href=\"\/tr\/referanslar\/calisanlarimiz\/\">\u00c7al\u0131\u015fanlar\u0131m\u0131z<\/a><\/li>\n<\/ul>\n<\/div>\n","protected":false},"excerpt":{"rendered":"Partnerlerimiz \u00c7al\u0131\u015fanlar\u0131m\u0131z","protected":false},"author":1,"featured_media":0,"parent":0,"menu_order":0,"comment_status":"closed","ping_status":"closed","template":"","meta":{"om_disable_all_campaigns":false,"inline_featured_image":false,"_monsterinsights_skip_tracking":false,"_monsterinsights_sitenote_active":false,"_monsterinsights_sitenote_note":"","_monsterinsights_sitenote_category":0},"_links":{"self":[{"href":"https:\/\/www.simplecc.net\/tr\/wp-json\/wp\/v2\/pages\/151"}],"collection":[{"href":"https:\/\/www.simplecc.net\/tr\/wp-json\/wp\/v2\/pages"}],"about":[{"href":"https:\/\/www.simplecc.net\/tr\/wp-json\/wp\/v2\/types\/page"}],"author":[{"embeddable":true,"href":"https:\/\/www.simplecc.net\/tr\/wp-json\/wp\/v2\/users\/1"}],"replies":[{"embeddable":true,"href":"https:\/\/www.simplecc.net\/tr\/wp-json\/wp\/v2\/comments?post=151"}],"version-history":[{"count":3,"href":"https:\/\/www.simplecc.net\/tr\/wp-json\/wp\/v2\/pages\/151\/revisions"}],"predecessor-version":[{"id":273,"href":"https:\/\/www.simplecc.net\/tr\/wp-json\/wp\/v2\/pages\/151\/revisions\/273"}],"wp:attachment":[{"href":"https:\/\/www.simplecc.net\/tr\/wp-json\/wp\/v2\/media?parent=151"}],"curies":[{"name":"wp","href":"https:\/\/api.w.org\/{rel}","templated":true}]}}