{"id":149,"date":"2017-11-09T13:44:09","date_gmt":"2017-11-09T10:44:09","guid":{"rendered":"http:\/\/www.simplecc.net\/?page_id=149"},"modified":"2022-05-30T13:51:21","modified_gmt":"2022-05-30T10:51:21","slug":"hakkimizda","status":"publish","type":"page","link":"https:\/\/www.simplecc.net\/tr\/hakkimizda\/","title":{"rendered":"Hakk\u0131m\u0131zda"},"content":{"rendered":"<p><iframe loading=\"lazy\" src=\"https:\/\/www.youtube.com\/embed\/W8_d8tHa3mw?rel=0&amp;controls=0?ecver=2\" width=\"100%\" height=\"450\" frameborder=\"0\" allowfullscreen=\"allowfullscreen\"><\/iframe><\/p>\n<p>Simple Group, Bayrakl\u0131 \/ \u0130zmir\u2019de Emino\u011flu Plaza merkezli tele sat\u0131\u015f ve hizmetler konusunda uzmanla\u015fm\u0131\u015f modern bir firmad\u0131r. \u015eirket 2015 y\u0131l\u0131nda kurulmu\u015ftur.<\/p>\n<p>Zorlu bir ba\u015flang\u0131\u00e7 sonras\u0131, ba\u015far\u0131l\u0131 bir \u015firket haline d\u00f6n\u00fc\u015ft\u00fck!<\/p>\n<p>G\u00fcven, kalite ve \u015feffafl\u0131k \u00fczerine m\u00fc\u015fterilerimizle kurdu\u011fumuz ili\u015fkilerimizi \u015fimdi de Avrupa ve T\u00fcrkiye&#8217;deki yeni m\u00fc\u015fterilerimizle geni\u015fletiyoruz.<\/p>\n<p>Her ihtiyac\u0131 kar\u015f\u0131lamak i\u00e7in &#8216;Simple Group&#8217;, projelerin y\u00fcr\u00fct\u00fclmesi ve katma de\u011ferli ortakl\u0131klar i\u00e7in hedeflenen sonu\u00e7lar\u0131n elde edilmesi i\u00e7in gerekli olan insan kaynaklar\u0131n\u0131, teknik ve lojistik kaynaklar\u0131n\u0131 geli\u015ftirmi\u015ftir.<\/p>\n<p>Genel M\u00fcd\u00fcr, tele sat\u0131\u015f ve offshore alan\u0131nda 15 y\u0131ll\u0131k bir deneyime sahip olup 10 y\u0131ld\u0131r farkl\u0131 \u00fclkelerde kendisine ait \u00e7a\u011fr\u0131 merkezleri ile hizmet sunmaktad\u0131r.<\/p>\n<p>Simple Group T\u00fcrkiye i\u00e7i ve d\u0131\u015f\u0131 tam geni\u015flemede; Bu arada toplam alt\u0131 \u015fubesi bulunmaktad\u0131r. \u00dc\u00e7 \u015fubesi \u0130zmir\u2019de, bir \u015fubesi Alanya\u2019da, bir \u015fubesi Antalya\u2019da ve bir \u015fubesi \u0130stanbul\u2019da bulunmaktad\u0131r.<\/p>\n<p>\u015eirket, sat\u0131\u015f- ve y\u00f6netim e\u011fitimi vermede uzmanla\u015fm\u0131\u015ft\u0131r. Y\u00f6netim ekibi bir m\u00fcd\u00fcr, denet\u00e7iler, genel m\u00fcd\u00fcrler \/ destek, i\u015fe alma ve back ofisten olu\u015fur. Birlikte, t\u00fcm \u00e7al\u0131\u015fanlar\u0131n ve t\u00fcm \u015fubelerin en iyi kaliteyi ve en iyi takibini sa\u011flarlar.<\/p>\n\n\t\t<style type=\"text\/css\">\n\t\t\t#gallery-1 {\n\t\t\t\tmargin: auto;\n\t\t\t}\n\t\t\t#gallery-1 .gallery-item {\n\t\t\t\tfloat: left;\n\t\t\t\tmargin-top: 10px;\n\t\t\t\ttext-align: center;\n\t\t\t\twidth: 25%;\n\t\t\t}\n\t\t\t#gallery-1 img {\n\t\t\t\tborder: 2px solid #cfcfcf;\n\t\t\t}\n\t\t\t#gallery-1 .gallery-caption {\n\t\t\t\tmargin-left: 0;\n\t\t\t}\n\t\t\t\/* see gallery_shortcode() in wp-includes\/media.php *\/\n\t\t<\/style>\n\t\t<div id='gallery-1' class='gallery galleryid-149 gallery-columns-4 gallery-size-thumbnail'><dl class='gallery-item'>\n\t\t\t<dt class='gallery-icon landscape'>\n\t\t\t\t<a href='https:\/\/www.simplecc.net\/wp-content\/uploads\/2017\/10\/IMG_8120.jpg' title=\"\" data-rl_title=\"\" class=\"rl-gallery-link\" data-rl_caption=\"\" data-rel=\"lightbox-gallery-1\"><img width=\"150\" height=\"150\" src=\"https:\/\/www.simplecc.net\/wp-content\/uploads\/2017\/10\/IMG_8120-150x150.jpg\" class=\"attachment-thumbnail size-thumbnail\" alt=\"\" loading=\"lazy\" \/><\/a>\n\t\t\t<\/dt><\/dl><dl class='gallery-item'>\n\t\t\t<dt class='gallery-icon landscape'>\n\t\t\t\t<a href='https:\/\/www.simplecc.net\/wp-content\/uploads\/2017\/10\/IMG_8103.jpg' title=\"\" data-rl_title=\"\" class=\"rl-gallery-link\" data-rl_caption=\"\" data-rel=\"lightbox-gallery-1\"><img width=\"150\" height=\"150\" src=\"https:\/\/www.simplecc.net\/wp-content\/uploads\/2017\/10\/IMG_8103-150x150.jpg\" class=\"attachment-thumbnail size-thumbnail\" alt=\"\" loading=\"lazy\" \/><\/a>\n\t\t\t<\/dt><\/dl><dl class='gallery-item'>\n\t\t\t<dt class='gallery-icon portrait'>\n\t\t\t\t<a href='https:\/\/www.simplecc.net\/wp-content\/uploads\/2017\/10\/IMG_8119.jpg' title=\"\" data-rl_title=\"\" class=\"rl-gallery-link\" data-rl_caption=\"\" data-rel=\"lightbox-gallery-1\"><img width=\"150\" height=\"150\" src=\"https:\/\/www.simplecc.net\/wp-content\/uploads\/2017\/10\/IMG_8119-150x150.jpg\" class=\"attachment-thumbnail size-thumbnail\" alt=\"\" loading=\"lazy\" \/><\/a>\n\t\t\t<\/dt><\/dl><dl class='gallery-item'>\n\t\t\t<dt class='gallery-icon landscape'>\n\t\t\t\t<a href='https:\/\/www.simplecc.net\/wp-content\/uploads\/2017\/10\/IMG_8105.jpg' title=\"\" data-rl_title=\"\" class=\"rl-gallery-link\" data-rl_caption=\"\" data-rel=\"lightbox-gallery-1\"><img width=\"150\" height=\"150\" src=\"https:\/\/www.simplecc.net\/wp-content\/uploads\/2017\/10\/IMG_8105-150x150.jpg\" class=\"attachment-thumbnail size-thumbnail\" alt=\"\" loading=\"lazy\" \/><\/a>\n\t\t\t<\/dt><\/dl><br style=\"clear: both\" \/>\n\t\t<\/div>\n\n","protected":false},"excerpt":{"rendered":"Simple Group, Bayrakl\u0131 \/ \u0130zmir\u2019de Emino\u011flu Plaza merkezli tele sat\u0131\u015f ve hizmetler konusunda uzmanla\u015fm\u0131\u015f modern bir firmad\u0131r. \u015eirket 2015 y\u0131l\u0131nda kurulmu\u015ftur. Zorlu bir ba\u015flang\u0131\u00e7 sonras\u0131, ba\u015far\u0131l\u0131 bir \u015firket haline d\u00f6n\u00fc\u015ft\u00fck! G\u00fcven, kalite ve \u015feffafl\u0131k \u00fczerine m\u00fc\u015fterilerimizle kurdu\u011fumuz ili\u015fkilerimizi \u015fimdi de Avrupa ve T\u00fcrkiye&#8217;deki yeni m\u00fc\u015fterilerimizle geni\u015fletiyoruz. Her ihtiyac\u0131 kar\u015f\u0131lamak i\u00e7in &#8216;Simple Group&#8217;, projelerin y\u00fcr\u00fct\u00fclmesi ve&#8230; <a class=\"view-article\" href=\"https:\/\/www.simplecc.net\/tr\/hakkimizda\/\">Devam\u0131<\/a>","protected":false},"author":1,"featured_media":0,"parent":0,"menu_order":0,"comment_status":"closed","ping_status":"closed","template":"","meta":{"om_disable_all_campaigns":false,"inline_featured_image":false,"_monsterinsights_skip_tracking":false,"_monsterinsights_sitenote_active":false,"_monsterinsights_sitenote_note":"","_monsterinsights_sitenote_category":0},"_links":{"self":[{"href":"https:\/\/www.simplecc.net\/tr\/wp-json\/wp\/v2\/pages\/149"}],"collection":[{"href":"https:\/\/www.simplecc.net\/tr\/wp-json\/wp\/v2\/pages"}],"about":[{"href":"https:\/\/www.simplecc.net\/tr\/wp-json\/wp\/v2\/types\/page"}],"author":[{"embeddable":true,"href":"https:\/\/www.simplecc.net\/tr\/wp-json\/wp\/v2\/users\/1"}],"replies":[{"embeddable":true,"href":"https:\/\/www.simplecc.net\/tr\/wp-json\/wp\/v2\/comments?post=149"}],"version-history":[{"count":7,"href":"https:\/\/www.simplecc.net\/tr\/wp-json\/wp\/v2\/pages\/149\/revisions"}],"predecessor-version":[{"id":514,"href":"https:\/\/www.simplecc.net\/tr\/wp-json\/wp\/v2\/pages\/149\/revisions\/514"}],"wp:attachment":[{"href":"https:\/\/www.simplecc.net\/tr\/wp-json\/wp\/v2\/media?parent=149"}],"curies":[{"name":"wp","href":"https:\/\/api.w.org\/{rel}","templated":true}]}}