{"id":144,"date":"2017-11-09T13:41:14","date_gmt":"2017-11-09T10:41:14","guid":{"rendered":"http:\/\/www.simplecc.net\/?page_id=144"},"modified":"2022-05-30T12:11:03","modified_gmt":"2022-05-30T09:11:03","slug":"misyon-vizyon","status":"publish","type":"page","link":"https:\/\/www.simplecc.net\/tr\/misyon-vizyon\/","title":{"rendered":"Misyon &#038; Vizyon"},"content":{"rendered":"<p>Misyonumuz T\u00fcrkiye&#8217;de en son tele sat\u0131\u015f stratejilerini m\u00fcmk\u00fcn oldu\u011fu kadar bir\u00e7ok \u015fehirde uygulamakt\u0131r. Y\u00f6netimin profesyonel yakla\u015f\u0131m\u0131 ile her g\u00fcn y\u00fcksek kalite ve nicelik ile \u00e7al\u0131\u015f\u0131lmaktad\u0131r. \u00c7al\u0131\u015fanlar i\u015f ba\u015f\u0131nda teorik ve uygulamal\u0131 e\u011fitim sayesinde alanlar\u0131nda iyi haz\u0131rlanmaktad\u0131r. Ayr\u0131ca en iyi sonucu alabilmek i\u00e7in \u00e7al\u0131\u015fanlar g\u00fcnl\u00fck olarak takip edilirler. \u00c7al\u0131\u015fanlar, dil, davran\u0131\u015f ve seviye konusunda \u00f6nceden taran\u0131r ve ard\u0131ndan bran\u015f ve \u00fcr\u00fcn hakk\u0131nda gerekli bilgileri al\u0131rlar.<\/p>\n<p>Simple Group i\u00e7in nitelikli \u00e7al\u0131\u015fmalar yapmak \u00f6nemlidir ve bunun i\u00e7indir ki disipline ve profesyonelli\u011fe b\u00fcy\u00fck \u00f6nem veriyoruz. Avrupa \u00e7al\u0131\u015fma anlay\u0131\u015f\u0131 Simple Group taraf\u0131ndan y\u00fczeye \u00e7\u0131kar\u0131lmakta ve bu T\u00fcrkiye&#8217;de kesinlikle \u00f6zel bir \u015fey.<\/p>\n","protected":false},"excerpt":{"rendered":"Misyonumuz T\u00fcrkiye&#8217;de en son tele sat\u0131\u015f stratejilerini m\u00fcmk\u00fcn oldu\u011fu kadar bir\u00e7ok \u015fehirde uygulamakt\u0131r. Y\u00f6netimin profesyonel yakla\u015f\u0131m\u0131 ile her g\u00fcn y\u00fcksek kalite ve nicelik ile \u00e7al\u0131\u015f\u0131lmaktad\u0131r. \u00c7al\u0131\u015fanlar i\u015f ba\u015f\u0131nda teorik ve uygulamal\u0131 e\u011fitim sayesinde alanlar\u0131nda iyi haz\u0131rlanmaktad\u0131r. Ayr\u0131ca en iyi sonucu alabilmek i\u00e7in \u00e7al\u0131\u015fanlar g\u00fcnl\u00fck olarak takip edilirler. \u00c7al\u0131\u015fanlar, dil, davran\u0131\u015f ve seviye konusunda \u00f6nceden taran\u0131r&#8230; <a class=\"view-article\" href=\"https:\/\/www.simplecc.net\/tr\/misyon-vizyon\/\">Devam\u0131<\/a>","protected":false},"author":1,"featured_media":52,"parent":0,"menu_order":0,"comment_status":"closed","ping_status":"closed","template":"","meta":{"om_disable_all_campaigns":false,"inline_featured_image":false,"_monsterinsights_skip_tracking":false,"_monsterinsights_sitenote_active":false,"_monsterinsights_sitenote_note":"","_monsterinsights_sitenote_category":0},"_links":{"self":[{"href":"https:\/\/www.simplecc.net\/tr\/wp-json\/wp\/v2\/pages\/144"}],"collection":[{"href":"https:\/\/www.simplecc.net\/tr\/wp-json\/wp\/v2\/pages"}],"about":[{"href":"https:\/\/www.simplecc.net\/tr\/wp-json\/wp\/v2\/types\/page"}],"author":[{"embeddable":true,"href":"https:\/\/www.simplecc.net\/tr\/wp-json\/wp\/v2\/users\/1"}],"replies":[{"embeddable":true,"href":"https:\/\/www.simplecc.net\/tr\/wp-json\/wp\/v2\/comments?post=144"}],"version-history":[{"count":1,"href":"https:\/\/www.simplecc.net\/tr\/wp-json\/wp\/v2\/pages\/144\/revisions"}],"predecessor-version":[{"id":145,"href":"https:\/\/www.simplecc.net\/tr\/wp-json\/wp\/v2\/pages\/144\/revisions\/145"}],"wp:featuredmedia":[{"embeddable":true,"href":"https:\/\/www.simplecc.net\/tr\/wp-json\/wp\/v2\/media\/52"}],"wp:attachment":[{"href":"https:\/\/www.simplecc.net\/tr\/wp-json\/wp\/v2\/media?parent=144"}],"curies":[{"name":"wp","href":"https:\/\/api.w.org\/{rel}","templated":true}]}}