{"id":142,"date":"2017-11-09T13:40:14","date_gmt":"2017-11-09T10:40:14","guid":{"rendered":"http:\/\/www.simplecc.net\/?page_id=142"},"modified":"2022-05-30T13:54:40","modified_gmt":"2022-05-30T10:54:40","slug":"kariyer","status":"publish","type":"page","link":"https:\/\/www.simplecc.net\/tr\/kariyer\/","title":{"rendered":"Kariyer"},"content":{"rendered":"<p>Ticari bir i\u015f mi ar\u0131yorsun? Arad\u0131\u011f\u0131m\u0131z sat\u0131c\u0131 sen misin? O zaman hemen okumaya devam et!<\/p>\n<p><strong>G\u00f6rev Tan\u0131m\u0131:<\/strong><\/p>\n<p>\u0130nsanlarla ileti\u015fim kurmay\u0131 seviyor musun? Aramaktan ho\u015flan\u0131yor ve sat\u0131\u015f yapmak ve hizmet sunmak senin i\u00e7in bir tutku mu? O halde do\u011fru adrestesin!<\/p>\n<p>SIMPLE GROUP, dayan\u0131\u015fma, ba\u011fl\u0131l\u0131k ve d\u00fcr\u00fcstl\u00fck gibi de\u011ferlere dayal\u0131 olarak her g\u00fcn \u00e7al\u0131\u015fanlar\u0131na e\u015flik eder\u2026<br \/>\nBu de\u011ferleri payla\u015f\u0131yorsan\u0131z, daha fazla beklemeyin ve SIMPLE GROUP ile yeni zorluklara kat\u0131l\u0131n!<\/p>\n<ul class=\"content\">\n<li>Sizleri ho\u015f kar\u015f\u0131l\u0131yor ve sanat\u0131n kurallar\u0131na entegre ediyor, entegrasyon s\u00fcrecinizin ba\u015flang\u0131c\u0131nda de\u011ferlerimizi sizlerle payla\u015f\u0131yoruz.<\/li>\n<li>Ard\u0131ndan sizi m\u00fc\u015fteri ili\u015fkileri y\u00f6netimi i\u015finin temel kurallar\u0131 konusunda e\u011fitiyoruz.<\/li>\n<li>Pazarlayaca\u011f\u0131n\u0131z veya \u00f6zel yard\u0131m sa\u011flayaca\u011f\u0131n\u0131z \u00fcr\u00fcn ve hizmetlerin tan\u0131t\u0131m\u0131, ba\u015flang\u0131\u00e7 e\u011fitim kursunuzu tamamlar.<\/li>\n<li>Beceri geli\u015ftirmeniz, e\u011flence ve insan y\u00f6netimi teknikleri konusunda e\u011fitimli ve deneyimli yerel ko\u00e7lar\u0131m\u0131z\u0131n ve y\u00f6neticilerimizin sorumlulu\u011fundad\u0131r.<\/li>\n<li>Tesislerimiz ve operasyonel prosed\u00fcrlerimiz sizi benzersiz bir \u00e7al\u0131\u015fma konforuna sokar.<\/li>\n<\/ul>\n<p><a style=\"background-color: #9f1d21; padding: 5px 10px; color: #fff;\" href=\"\/tr\/hemen-basvurun\">Hemen \u015fimdi ileti\u015fime ge\u00e7iniz! <i class=\"fa fa-arrow-circle-right\"><\/i><\/a><\/p>\n","protected":false},"excerpt":{"rendered":"Ticari bir i\u015f mi ar\u0131yorsun? Arad\u0131\u011f\u0131m\u0131z sat\u0131c\u0131 sen misin? O zaman hemen okumaya devam et! G\u00f6rev Tan\u0131m\u0131: \u0130nsanlarla ileti\u015fim kurmay\u0131 seviyor musun? Aramaktan ho\u015flan\u0131yor ve sat\u0131\u015f yapmak ve hizmet sunmak senin i\u00e7in bir tutku mu? O halde do\u011fru adrestesin! SIMPLE GROUP, dayan\u0131\u015fma, ba\u011fl\u0131l\u0131k ve d\u00fcr\u00fcstl\u00fck gibi de\u011ferlere dayal\u0131 olarak her g\u00fcn \u00e7al\u0131\u015fanlar\u0131na e\u015flik eder\u2026 Bu&#8230; <a class=\"view-article\" href=\"https:\/\/www.simplecc.net\/tr\/kariyer\/\">Devam\u0131<\/a>","protected":false},"author":1,"featured_media":0,"parent":0,"menu_order":0,"comment_status":"closed","ping_status":"closed","template":"","meta":{"om_disable_all_campaigns":false,"inline_featured_image":false,"_monsterinsights_skip_tracking":false,"_monsterinsights_sitenote_active":false,"_monsterinsights_sitenote_note":"","_monsterinsights_sitenote_category":0},"_links":{"self":[{"href":"https:\/\/www.simplecc.net\/tr\/wp-json\/wp\/v2\/pages\/142"}],"collection":[{"href":"https:\/\/www.simplecc.net\/tr\/wp-json\/wp\/v2\/pages"}],"about":[{"href":"https:\/\/www.simplecc.net\/tr\/wp-json\/wp\/v2\/types\/page"}],"author":[{"embeddable":true,"href":"https:\/\/www.simplecc.net\/tr\/wp-json\/wp\/v2\/users\/1"}],"replies":[{"embeddable":true,"href":"https:\/\/www.simplecc.net\/tr\/wp-json\/wp\/v2\/comments?post=142"}],"version-history":[{"count":4,"href":"https:\/\/www.simplecc.net\/tr\/wp-json\/wp\/v2\/pages\/142\/revisions"}],"predecessor-version":[{"id":1212,"href":"https:\/\/www.simplecc.net\/tr\/wp-json\/wp\/v2\/pages\/142\/revisions\/1212"}],"wp:attachment":[{"href":"https:\/\/www.simplecc.net\/tr\/wp-json\/wp\/v2\/media?parent=142"}],"curies":[{"name":"wp","href":"https:\/\/api.w.org\/{rel}","templated":true}]}}