{"id":138,"date":"2017-11-09T13:38:11","date_gmt":"2017-11-09T10:38:11","guid":{"rendered":"http:\/\/www.simplecc.net\/?page_id=138"},"modified":"2022-05-30T13:52:51","modified_gmt":"2022-05-30T10:52:51","slug":"contact-form","status":"publish","type":"page","link":"https:\/\/www.simplecc.net\/tr\/contact-form\/","title":{"rendered":"\u0130leti\u015fim Formu"},"content":{"rendered":"<p>Bizimle ileti\u015fime ge\u00e7mek ister misiniz? L\u00fctfen a\u015fa\u011f\u0131daki ileti\u015fim formunu doldurunuz. En k\u0131sa s\u00fcrede sizinle ileti\u015fim kuraca\u011f\u0131z!<br \/>\n<div id=\"vfb-form-9\" class=\"visual-form-builder-container\"><form id=\"contact-formulier-tr-9\" class=\"visual-form-builder vfb-form-9 \" method=\"post\" enctype=\"multipart\/form-data\">\n\t\t\t<input type=\"hidden\" name=\"form_id\" value=\"9\" \/><fieldset class=\"vfb-fieldset vfb-fieldset-1 iletisim-formu \" id=\"item-vfb-128\"><div class=\"vfb-legend\"><h3>\u0130leti\u015fim Formu<\/h3><\/div><ul class=\"vfb-section vfb-section-1\"><li class=\"vfb-item vfb-item-text  \" id=\"item-vfb-132\"><label for=\"vfb-132\" class=\"vfb-desc\">\u015eirket \u0130smi  <span class=\"vfb-required-asterisk\">*<\/span><\/label><input type=\"text\" name=\"vfb-132\" id=\"vfb-132\" value=\"\" class=\"vfb-text  vfb-medium  required  \" \/><\/li><li class=\"vfb-item vfb-item-text  \" id=\"item-vfb-133\"><label for=\"vfb-133\" class=\"vfb-desc\">Ad\u0131n\u0131z  <span class=\"vfb-required-asterisk\">*<\/span><\/label><input type=\"text\" name=\"vfb-133\" id=\"vfb-133\" value=\"\" class=\"vfb-text  vfb-medium  required  \" \/><\/li><li class=\"vfb-item vfb-item-text  \" id=\"item-vfb-134\"><label for=\"vfb-134\" class=\"vfb-desc\">Soyad\u0131n\u0131z  <span class=\"vfb-required-asterisk\">*<\/span><\/label><input type=\"text\" name=\"vfb-134\" id=\"vfb-134\" value=\"\" class=\"vfb-text  vfb-medium  required  \" \/><\/li><li class=\"vfb-item vfb-item-text  \" id=\"item-vfb-135\"><label for=\"vfb-135\" class=\"vfb-desc\">Telefon  <span class=\"vfb-required-asterisk\">*<\/span><\/label><input type=\"text\" name=\"vfb-135\" id=\"vfb-135\" value=\"\" class=\"vfb-text  vfb-medium  required  number \" \/><\/li><li class=\"vfb-item vfb-item-email  \" id=\"item-vfb-136\"><label for=\"vfb-136\" class=\"vfb-desc\">Email  <span class=\"vfb-required-asterisk\">*<\/span><\/label><input type=\"email\" name=\"vfb-136\" id=\"vfb-136\" value=\"\" class=\"vfb-text  vfb-medium  required  email \" \/><\/li><\/ul>&nbsp;<\/fieldset><fieldset class=\"vfb-fieldset vfb-fieldset-2 dogrulama \" id=\"item-vfb-129\" style=\"display:block\"><div class=\"vfb-legend\"><h3>Do\u011frulama<\/h3><\/div><ul class=\"vfb-section vfb-section-2\"><li class=\"vfb-item vfb-item-secret\"  style=\"display:block\"><label for=\"vfb-130\" class=\"vfb-desc\">l\u00fctfen yan yana iki rakam giriniz <span class=\"vfb-required-asterisk\">*<\/span><\/label><input type=\"hidden\" name=\"_vfb-secret\" value=\"vfb-130\" \/><span class=\"vfb-span\"><input type=\"text\" name=\"vfb-130\" id=\"vfb-130\" value=\"\" class=\"vfb-text  vfb-small  required {digits:true,maxlength:2,minlength:2} \" style=\"display:block\" \/><label>\u00d6rnek: 12<\/label><\/span><li style=\"display:none;\"><label>This box is for spam protection - <strong>please leave it blank<\/strong>:<\/label><div><input name=\"vfb-spam\" \/><\/div><\/li>\n\t\t\t<li class=\"vfb-item vfb-item-submit\" id=\"item-vfb-131\">\n\t\t\t\t\t\t<input type=\"submit\" name=\"vfb-submit\" id=\"vfb-131\" value=\"G\u00f6nder\" class=\"vfb-submit \" \/>\n\t\t\t\t\t\t<\/li><\/ul>\n\t\t\t<\/fieldset><input type=\"hidden\" name=\"_wp_http_referer\" value=\"\/tr\/wp-json\/wp\/v2\/pages\/138\" \/><\/form><\/div> <!-- .visual-form-builder-container --><\/p>\n","protected":false},"excerpt":{"rendered":"Bizimle ileti\u015fime ge\u00e7mek ister misiniz? L\u00fctfen a\u015fa\u011f\u0131daki ileti\u015fim formunu doldurunuz. En k\u0131sa s\u00fcrede sizinle ileti\u015fim kuraca\u011f\u0131z!","protected":false},"author":1,"featured_media":0,"parent":0,"menu_order":0,"comment_status":"closed","ping_status":"closed","template":"tr-template-contact.php","meta":{"om_disable_all_campaigns":false,"inline_featured_image":false,"_monsterinsights_skip_tracking":false,"_monsterinsights_sitenote_active":false,"_monsterinsights_sitenote_note":"","_monsterinsights_sitenote_category":0},"_links":{"self":[{"href":"https:\/\/www.simplecc.net\/tr\/wp-json\/wp\/v2\/pages\/138"}],"collection":[{"href":"https:\/\/www.simplecc.net\/tr\/wp-json\/wp\/v2\/pages"}],"about":[{"href":"https:\/\/www.simplecc.net\/tr\/wp-json\/wp\/v2\/types\/page"}],"author":[{"embeddable":true,"href":"https:\/\/www.simplecc.net\/tr\/wp-json\/wp\/v2\/users\/1"}],"replies":[{"embeddable":true,"href":"https:\/\/www.simplecc.net\/tr\/wp-json\/wp\/v2\/comments?post=138"}],"version-history":[{"count":3,"href":"https:\/\/www.simplecc.net\/tr\/wp-json\/wp\/v2\/pages\/138\/revisions"}],"predecessor-version":[{"id":268,"href":"https:\/\/www.simplecc.net\/tr\/wp-json\/wp\/v2\/pages\/138\/revisions\/268"}],"wp:attachment":[{"href":"https:\/\/www.simplecc.net\/tr\/wp-json\/wp\/v2\/media?parent=138"}],"curies":[{"name":"wp","href":"https:\/\/api.w.org\/{rel}","templated":true}]}}