{"id":245,"date":"2017-11-09T21:59:53","date_gmt":"2017-11-09T18:59:53","guid":{"rendered":"http:\/\/www.simplecc.net\/?page_id=245"},"modified":"2022-05-30T13:24:41","modified_gmt":"2022-05-30T10:24:41","slug":"demande-doffre","status":"publish","type":"page","link":"https:\/\/www.simplecc.net\/fr\/demande-doffre\/","title":{"rendered":"Demande de Partenariat"},"content":{"rendered":"<div id=\"vfb-form-10\" class=\"visual-form-builder-container\"><form id=\"offerte-fr-10\" class=\"visual-form-builder vfb-form-10 \" method=\"post\" enctype=\"multipart\/form-data\">\n\t\t\t<input type=\"hidden\" name=\"form_id\" value=\"10\" \/><fieldset class=\"vfb-fieldset vfb-fieldset-1 demande-de-partenariat \" id=\"item-vfb-137\"><div class=\"vfb-legend\"><h3>Demande de Partenariat<\/h3><\/div><ul class=\"vfb-section vfb-section-1\"><li class=\"vfb-item vfb-item-text   vfb-left-half\" id=\"item-vfb-141\"><label for=\"vfb-141\" class=\"vfb-desc\">Nom de la compagnie  <span class=\"vfb-required-asterisk\">*<\/span><\/label><input type=\"text\" name=\"vfb-141\" id=\"vfb-141\" value=\"\" class=\"vfb-text  vfb-medium  required  \" \/><\/li><li class=\"vfb-item vfb-item-text   vfb-right-half\" id=\"item-vfb-142\"><label for=\"vfb-142\" class=\"vfb-desc\">Contact  <span class=\"vfb-required-asterisk\">*<\/span><\/label><input type=\"text\" name=\"vfb-142\" id=\"vfb-142\" value=\"\" class=\"vfb-text  vfb-medium  required  \" \/><\/li><li class=\"vfb-item vfb-item-text   vfb-left-half\" id=\"item-vfb-143\"><label for=\"vfb-143\" class=\"vfb-desc\">Fonction de contact  <span class=\"vfb-required-asterisk\">*<\/span><\/label><input type=\"text\" name=\"vfb-143\" id=\"vfb-143\" value=\"\" class=\"vfb-text  vfb-medium  required  \" \/><\/li><li class=\"vfb-item vfb-item-text   vfb-right-half\" id=\"item-vfb-144\"><label for=\"vfb-144\" class=\"vfb-desc\">T\u00e9l\u00e9phone  <span class=\"vfb-required-asterisk\">*<\/span><\/label><input type=\"text\" name=\"vfb-144\" id=\"vfb-144\" value=\"\" class=\"vfb-text  vfb-medium  required  number \" \/><\/li><li class=\"vfb-item vfb-item-email   vfb-left-half\" id=\"item-vfb-145\"><label for=\"vfb-145\" class=\"vfb-desc\">Email  <span class=\"vfb-required-asterisk\">*<\/span><\/label><input type=\"email\" name=\"vfb-145\" id=\"vfb-145\" value=\"\" class=\"vfb-text  vfb-medium  required  email \" \/><\/li><div id=\"item-vfb-146\" class=\"vfb-section-div \"><h4>Service demand\u00e9<\/h4><\/div><div class=\"vfb-clear\"><\/div><li class=\"vfb-item vfb-item-checkbox   vfb-left-half\" id=\"item-vfb-147\"><label class=\"vfb-desc\">OUTBOUND <\/label><div><span class=\"vfb-span\"><input type=\"checkbox\" name=\"vfb-147[]\" id=\"vfb-147-0\" value=\"T\u00e9l\u00e9 vente\" class=\"vfb-checkbox  \" \/><label for=\"vfb-147-0\" class=\"vfb-choice\">T\u00e9l\u00e9 vente<\/label><\/span><span class=\"vfb-span\"><input type=\"checkbox\" name=\"vfb-147[]\" id=\"vfb-147-1\" value=\"Gestion de l&#039;\u00e9v\u00e8nement\" class=\"vfb-checkbox  \" \/><label for=\"vfb-147-1\" class=\"vfb-choice\">Gestion de l'\u00e9v\u00e8nement<\/label><\/span><span class=\"vfb-span\"><input type=\"checkbox\" name=\"vfb-147[]\" id=\"vfb-147-2\" value=\"Gestion de client\" class=\"vfb-checkbox  \" \/><label for=\"vfb-147-2\" class=\"vfb-choice\">Gestion de client<\/label><\/span><span class=\"vfb-span\"><input type=\"checkbox\" name=\"vfb-147[]\" id=\"vfb-147-3\" value=\"Enqu\u00eates de satisfaction\" class=\"vfb-checkbox  \" \/><label for=\"vfb-147-3\" class=\"vfb-choice\">Enqu\u00eates de satisfaction<\/label><\/span><span class=\"vfb-span\"><input type=\"checkbox\" name=\"vfb-147[]\" id=\"vfb-147-4\" value=\"Formation de la demande\" class=\"vfb-checkbox  \" \/><label for=\"vfb-147-4\" class=\"vfb-choice\">Formation de la demande<\/label><\/span><span class=\"vfb-span\"><input type=\"checkbox\" name=\"vfb-147[]\" id=\"vfb-147-5\" value=\"Collecte des donn\u00e9es\" class=\"vfb-checkbox  \" \/><label for=\"vfb-147-5\" class=\"vfb-choice\">Collecte des donn\u00e9es<\/label><\/span><div style=\"clear:both\"><\/div><\/div><\/li><li class=\"vfb-item vfb-item-checkbox   vfb-right-half\" id=\"item-vfb-148\"><label class=\"vfb-desc\">INBOUND <\/label><div><span class=\"vfb-span\"><input type=\"checkbox\" name=\"vfb-148[]\" id=\"vfb-148-0\" value=\"Bureau de solution\" class=\"vfb-checkbox  \" \/><label for=\"vfb-148-0\" class=\"vfb-choice\">Bureau de solution<\/label><\/span><span class=\"vfb-span\"><input type=\"checkbox\" name=\"vfb-148[]\" id=\"vfb-148-1\" value=\"Service apr\u00e8s-vente\" class=\"vfb-checkbox  \" \/><label for=\"vfb-148-1\" class=\"vfb-choice\">Service apr\u00e8s-vente<\/label><\/span><span class=\"vfb-span\"><input type=\"checkbox\" name=\"vfb-148[]\" id=\"vfb-148-2\" value=\"R\u00e9servations\" class=\"vfb-checkbox  \" \/><label for=\"vfb-148-2\" class=\"vfb-choice\">R\u00e9servations<\/label><\/span><span class=\"vfb-span\"><input type=\"checkbox\" name=\"vfb-148[]\" id=\"vfb-148-3\" value=\"Service \u00e0 la client\u00e8le\" class=\"vfb-checkbox  \" \/><label for=\"vfb-148-3\" class=\"vfb-choice\">Service \u00e0 la client\u00e8le<\/label><\/span><span class=\"vfb-span\"><input type=\"checkbox\" name=\"vfb-148[]\" id=\"vfb-148-4\" value=\"Accueil\" class=\"vfb-checkbox  \" \/><label for=\"vfb-148-4\" class=\"vfb-choice\">Accueil<\/label><\/span><span class=\"vfb-span\"><input type=\"checkbox\" name=\"vfb-148[]\" id=\"vfb-148-5\" value=\"Enregistrements de commande\" class=\"vfb-checkbox  \" \/><label for=\"vfb-148-5\" class=\"vfb-choice\">Enregistrements de commande<\/label><\/span><div style=\"clear:both\"><\/div><\/div><\/li><div id=\"item-vfb-149\" class=\"vfb-section-div \"><h4>Public cible<\/h4><\/div><div class=\"vfb-clear\"><\/div><li class=\"vfb-item vfb-item-radio  \" id=\"item-vfb-150\"><label class=\"vfb-desc\">Public cible <\/label><div><span class=\"vfb-span\"><input type=\"radio\" name=\"vfb-150\" id=\"vfb-150-1\" value=\"B2B\" class=\"vfb-radio  \" \/><label for=\"vfb-150-1\" class=\"vfb-choice\">B2B<\/label><\/span><span class=\"vfb-span\"><input type=\"radio\" name=\"vfb-150\" id=\"vfb-150-2\" value=\"B2C\" class=\"vfb-radio  \" \/><label for=\"vfb-150-2\" class=\"vfb-choice\">B2C<\/label><\/span><div style=\"clear:both\"><\/div><\/div><\/li><div id=\"item-vfb-151\" class=\"vfb-section-div \"><h4>La langue<\/h4><\/div><div class=\"vfb-clear\"><\/div><li class=\"vfb-item vfb-item-checkbox  vfb-two-column \" id=\"item-vfb-152\"><label class=\"vfb-desc\">La langue <\/label><div><span class=\"vfb-span\"><input type=\"checkbox\" name=\"vfb-152[]\" id=\"vfb-152-0\" value=\"n\u00e9erlandais\" class=\"vfb-checkbox  \" \/><label for=\"vfb-152-0\" class=\"vfb-choice\">n\u00e9erlandais<\/label><\/span><span class=\"vfb-span\"><input type=\"checkbox\" name=\"vfb-152[]\" id=\"vfb-152-1\" value=\"fran\u00e7ais\" class=\"vfb-checkbox  \" \/><label for=\"vfb-152-1\" class=\"vfb-choice\">fran\u00e7ais<\/label><\/span><span class=\"vfb-span\"><input type=\"checkbox\" name=\"vfb-152[]\" id=\"vfb-152-2\" value=\"anglais\" class=\"vfb-checkbox  \" \/><label for=\"vfb-152-2\" class=\"vfb-choice\">anglais<\/label><\/span><span class=\"vfb-span\"><input type=\"checkbox\" name=\"vfb-152[]\" id=\"vfb-152-3\" value=\"allemand\" class=\"vfb-checkbox  \" \/><label for=\"vfb-152-3\" class=\"vfb-choice\">allemand<\/label><\/span><span class=\"vfb-span\"><input type=\"checkbox\" name=\"vfb-152[]\" id=\"vfb-152-4\" value=\"turc\" class=\"vfb-checkbox  \" \/><label for=\"vfb-152-4\" class=\"vfb-choice\">turc<\/label><\/span><span class=\"vfb-span\"><input type=\"checkbox\" name=\"vfb-152[]\" id=\"vfb-152-5\" value=\"arabe\" class=\"vfb-checkbox  \" \/><label for=\"vfb-152-5\" class=\"vfb-choice\">arabe<\/label><\/span><div style=\"clear:both\"><\/div><\/div><\/li><div id=\"item-vfb-154\" class=\"vfb-section-div \"><h4>D\u00e9calage<\/h4><\/div><div class=\"vfb-clear\"><\/div><li class=\"vfb-item vfb-item-radio  \" id=\"item-vfb-153\"><label class=\"vfb-desc\">D\u00e9calage <\/label><div><span class=\"vfb-span\"><input type=\"radio\" name=\"vfb-153\" id=\"vfb-153-1\" value=\"\u00c0 plein temps\" class=\"vfb-radio  \" \/><label for=\"vfb-153-1\" class=\"vfb-choice\">\u00c0 plein temps<\/label><\/span><span class=\"vfb-span\"><input type=\"radio\" name=\"vfb-153\" id=\"vfb-153-2\" value=\"\u00c0 temps partiel\" class=\"vfb-radio  \" \/><label for=\"vfb-153-2\" class=\"vfb-choice\">\u00c0 temps partiel<\/label><\/span><div style=\"clear:both\"><\/div><\/div><\/li><li class=\"vfb-item vfb-item-checkbox  \" id=\"item-vfb-161\"><label class=\"vfb-desc\">Service de nuit <\/label><div><span class=\"vfb-span\"><input type=\"checkbox\" name=\"vfb-161[]\" id=\"vfb-161-0\" value=\"Service de nuit (Le service de nuit est de 20h00 \u00e0 6h00.)\" class=\"vfb-checkbox  \" \/><label for=\"vfb-161-0\" class=\"vfb-choice\">Service de nuit (Le service de nuit est de 20h00 \u00e0 6h00.)<\/label><\/span><div style=\"clear:both\"><\/div><\/div><\/li><div id=\"item-vfb-155\" class=\"vfb-section-div \"><h4>Plate-forme<\/h4><\/div><div class=\"vfb-clear\"><\/div><li class=\"vfb-item vfb-item-radio  vfb-two-column \" id=\"item-vfb-156\"><label class=\"vfb-desc\">Plate-forme <\/label><div><span class=\"vfb-span\"><input type=\"radio\" name=\"vfb-156\" id=\"vfb-156-1\" value=\"Simple Group\" class=\"vfb-radio  \" \/><label for=\"vfb-156-1\" class=\"vfb-choice\">Simple Group<\/label><\/span><span class=\"vfb-span\"><input type=\"radio\" name=\"vfb-156\" id=\"vfb-156-2\" value=\"Propre\" class=\"vfb-radio  \" \/><label for=\"vfb-156-2\" class=\"vfb-choice\">Propre<\/label><\/span><div style=\"clear:both\"><\/div><\/div><\/li><div id=\"item-vfb-157\" class=\"vfb-section-div \"><h4>Base de donn\u00e9es<\/h4><\/div><div class=\"vfb-clear\"><\/div><li class=\"vfb-item vfb-item-radio  vfb-two-column \" id=\"item-vfb-158\"><label class=\"vfb-desc\">Base de donn\u00e9es <\/label><div><span class=\"vfb-span\"><input type=\"radio\" name=\"vfb-158\" id=\"vfb-158-1\" value=\"Simple Group\" class=\"vfb-radio  \" \/><label for=\"vfb-158-1\" class=\"vfb-choice\">Simple Group<\/label><\/span><span class=\"vfb-span\"><input type=\"radio\" name=\"vfb-158\" id=\"vfb-158-2\" value=\"Propre\" class=\"vfb-radio  \" \/><label for=\"vfb-158-2\" class=\"vfb-choice\">Propre<\/label><\/span><div style=\"clear:both\"><\/div><\/div><\/li><div id=\"item-vfb-159\" class=\"vfb-section-div \"><h4>La description<\/h4><\/div><div class=\"vfb-clear\"><\/div><li class=\"vfb-item vfb-item-textarea  \" id=\"item-vfb-160\"><label for=\"vfb-160\" class=\"vfb-desc\">La description <\/label><div><span class=\"vfb-span\"><label>Toutes les informations suppl\u00e9mentaires peuvent \u00eatre mentionn\u00e9es ici<\/label><\/span><textarea name=\"vfb-160\" id=\"vfb-160\" class=\"vfb-textarea  vfb-medium  \"><\/textarea><\/div><\/li><\/ul>&nbsp;<\/fieldset><fieldset class=\"vfb-fieldset vfb-fieldset-2 verification \" id=\"item-vfb-138\" style=\"display:block\"><div class=\"vfb-legend\"><h3>V\u00e9rification<\/h3><\/div><ul class=\"vfb-section vfb-section-2\"><li class=\"vfb-item vfb-item-secret\"  style=\"display:block\"><label for=\"vfb-139\" class=\"vfb-desc\">Veuillez entrer deux chiffres <span class=\"vfb-required-asterisk\">*<\/span><\/label><input type=\"hidden\" name=\"_vfb-secret\" value=\"vfb-139\" \/><span class=\"vfb-span\"><input type=\"text\" name=\"vfb-139\" id=\"vfb-139\" value=\"\" class=\"vfb-text  vfb-small  required {digits:true,maxlength:2,minlength:2} \" style=\"display:block\" \/><label>Exemple: 12<\/label><\/span><li style=\"display:none;\"><label>Cette bo\u00eete est pour la protection contre le spam - <strong>Veuillez laisser en blanc<\/strong>:<\/label><div><input name=\"vfb-spam\" \/><\/div><\/li>\n\t\t\t<li class=\"vfb-item vfb-item-submit\" id=\"item-vfb-140\">\n\t\t\t\t\t\t<input type=\"submit\" name=\"vfb-submit\" id=\"vfb-140\" value=\"Envoyer\" class=\"vfb-submit \" \/>\n\t\t\t\t\t\t<\/li><\/ul>\n\t\t\t<\/fieldset><input type=\"hidden\" name=\"_wp_http_referer\" value=\"\/fr\/wp-json\/wp\/v2\/pages\/245\" \/><\/form><\/div> <!-- .visual-form-builder-container -->\n","protected":false},"excerpt":{"rendered":"","protected":false},"author":1,"featured_media":0,"parent":0,"menu_order":0,"comment_status":"closed","ping_status":"closed","template":"","meta":{"om_disable_all_campaigns":false,"inline_featured_image":false,"_monsterinsights_skip_tracking":false,"_monsterinsights_sitenote_active":false,"_monsterinsights_sitenote_note":"","_monsterinsights_sitenote_category":0},"_links":{"self":[{"href":"https:\/\/www.simplecc.net\/fr\/wp-json\/wp\/v2\/pages\/245"}],"collection":[{"href":"https:\/\/www.simplecc.net\/fr\/wp-json\/wp\/v2\/pages"}],"about":[{"href":"https:\/\/www.simplecc.net\/fr\/wp-json\/wp\/v2\/types\/page"}],"author":[{"embeddable":true,"href":"https:\/\/www.simplecc.net\/fr\/wp-json\/wp\/v2\/users\/1"}],"replies":[{"embeddable":true,"href":"https:\/\/www.simplecc.net\/fr\/wp-json\/wp\/v2\/comments?post=245"}],"version-history":[{"count":3,"href":"https:\/\/www.simplecc.net\/fr\/wp-json\/wp\/v2\/pages\/245\/revisions"}],"predecessor-version":[{"id":1225,"href":"https:\/\/www.simplecc.net\/fr\/wp-json\/wp\/v2\/pages\/245\/revisions\/1225"}],"wp:attachment":[{"href":"https:\/\/www.simplecc.net\/fr\/wp-json\/wp\/v2\/media?parent=245"}],"curies":[{"name":"wp","href":"https:\/\/api.w.org\/{rel}","templated":true}]}}