{"id":241,"date":"2017-11-09T21:59:02","date_gmt":"2017-11-09T18:59:02","guid":{"rendered":"http:\/\/www.simplecc.net\/?page_id=241"},"modified":"2022-05-30T13:32:36","modified_gmt":"2022-05-30T10:32:36","slug":"nos-employes","status":"publish","type":"page","link":"https:\/\/www.simplecc.net\/fr\/references\/nos-employes\/","title":{"rendered":"Nos Employ\u00e9s"},"content":{"rendered":"<div class=\"ref-testimonial--container\">\n<div class=\"ref-testimonial--item\">\n<div class=\"ref-testimonial--info\">Simple Group : un climat de confiance!<br \/>\nVous y trouverez un espace autonome, aimable, fiable et appr\u00e9ciant le travail d\u2019\u00e9quipe!<br \/>\nL\u2019environnement et les conditions de travail au top!<\/p>\n<p>\u268a Serap<\/p>\n<\/div>\n<div class=\"ref-testimonial--profile\"><img src=\"https:\/\/www.simplecc.net\/wp-content\/themes\/simplecc\/img\/staff\/no_name.png\" alt=\"\" \/><\/div>\n<\/div>\n<div class=\"ref-testimonial--item\">\n<div class=\"ref-testimonial--info\">3 ay \u00f6nce ilk ba\u015flad\u0131\u011f\u0131m g\u00fcnden ald\u0131\u011f\u0131m enerji, g\u00fcven ortam\u0131 i\u015fimi g\u00fcn ge\u00e7tik\u00e7e sevdirdi.<br \/>\n\u00c7al\u0131\u015fma arkada\u015flar\u0131m\u0131z,patronumuz tam bir aile ortam\u0131 i\u00e7erisinde \u00e7al\u0131\u015fmak harika. Simple Group iyi ki vars\u0131n..<\/p>\n<p>\u268a Nermin<\/p>\n<\/div>\n<div class=\"ref-testimonial--profile\"><img src=\"https:\/\/www.simplecc.net\/wp-content\/themes\/simplecc\/img\/staff\/nermin.png\" alt=\"\" \/><\/div>\n<\/div>\n<div class=\"ref-testimonial--item\">\n<div class=\"ref-testimonial--info\">Travailler dans un call center, ce n\u2019est pas la mort. Il y a toujours des surprises, c\u2019est assez attrayant.<br \/>\nMotivation, confiance, gaiet\u00e9 et l\u2019esprit d\u2019\u00e9quipe sont toujours d\u2019actualit\u00e9. C\u2019est un point tr\u00e8s important pour se sentir bien sur son lieu de travail (comme chez soi).<br \/>\nAlors, la seule adresse Simple Group, The Big Family.<\/p>\n<p>\u268a G\u00fcl<\/p>\n<\/div>\n<div class=\"ref-testimonial--profile\"><img src=\"https:\/\/www.simplecc.net\/wp-content\/themes\/simplecc\/img\/staff\/no_name.png\" alt=\"\" \/><\/div>\n<\/div>\n<div class=\"ref-testimonial--item\">\n<div class=\"ref-testimonial--info\">Simple Group\u2026 Lieu ou tous les facteurs sont r\u00e9unis\u2026<br \/>\nLes sentiments, l\u2019empathie, la confidence, l\u2019amiti\u00e9, l\u2019\u00e9coute active, \u2026 et pleins d\u2019autres encore\u2026<br \/>\nR\u00e9sultat -&gt; chez Simple Group vous prenez plaisir \u00e0 travailler.<\/p>\n<p>\u268a Fazilet<\/p>\n<\/div>\n<div class=\"ref-testimonial--profile\"><img src=\"https:\/\/www.simplecc.net\/wp-content\/themes\/simplecc\/img\/staff\/no_name.png\" alt=\"\" \/><\/div>\n<\/div>\n<div class=\"ref-testimonial--item\">\n<div class=\"ref-testimonial--info\">Een goede en fijne werkgever met doorgroeimogelijkheden. Je wordt warm ontvangen en krijgt een goede training. Managers met kwaliteiten en goede coaching. Hele fijne collega\u2019s, die het werk prettig maken. Kortom, leuke werksfeer. Ben je een goede teamplayer en leergierig met een vleugje humor? Dan zal je je zeker op je gemak voelen bij onze kleine familie die aan het groeien is!<\/p>\n<p>\u268a Jerry<\/p>\n<\/div>\n<div class=\"ref-testimonial--profile\"><img src=\"https:\/\/www.simplecc.net\/wp-content\/themes\/simplecc\/img\/staff\/jerry.png\" alt=\"\" \/><\/div>\n<\/div>\n<div class=\"ref-testimonial--item\">\n<div class=\"ref-testimonial--info\">Ik werk sinds 1 jaar bij Simple Group en ik heb het altijd naar mijn zin gehad. Ik kom met plezier naar het werk. Het management is goed en de directeur is een eerlijke en rechtvaardige persoon.<\/p>\n<p>\u268a Dudu<\/p>\n<\/div>\n<div class=\"ref-testimonial--profile\"><img src=\"https:\/\/www.simplecc.net\/wp-content\/themes\/simplecc\/img\/staff\/no_name.png\" alt=\"\" \/><\/div>\n<\/div>\n<div class=\"ref-testimonial--item\">\n<div class=\"ref-testimonial--info\">Jong, dynamisch bedrijf. Warm en vriendelijke collega\u2019s. Een bedrijf waar je graag bij wil horen! Prettige werksfeer, goede management en directie. Ik ga graag naar werk, omdat ik weet dat er topmensen zijn!<\/p>\n<p>\u268a Hakan<\/p>\n<\/div>\n<div class=\"ref-testimonial--profile\"><img src=\"https:\/\/www.simplecc.net\/wp-content\/themes\/simplecc\/img\/staff\/no_name.png\" alt=\"\" \/><\/div>\n<\/div>\n<div class=\"ref-testimonial--item\">\n<div class=\"ref-testimonial--info\">Ik ben niet echt van het bellen, echter werk ik nu al een jaar voor Simple Group. Het bellen is hier gewoon leuk! Het project, waar ik op bel, is gewoon leuk en serieus tegelijkertijd! Het is een commerci\u00eble sector. Als je weet wat commercialiteit inhoudt, goed en op tijd geld wil verdienen, dan moet je komen werken voor Simple Group!<\/p>\n<p>\u268a Engin<\/p>\n<\/div>\n<div class=\"ref-testimonial--profile\"><img src=\"https:\/\/www.simplecc.net\/wp-content\/themes\/simplecc\/img\/staff\/no_name.png\" alt=\"\" \/><\/div>\n<\/div>\n<\/div>\n","protected":false},"excerpt":{"rendered":"Simple Group : un climat de confiance! Vous y trouverez un espace autonome, aimable, fiable et appr\u00e9ciant le travail d\u2019\u00e9quipe! L\u2019environnement et les conditions de travail au top! \u268a Serap 3 ay \u00f6nce ilk ba\u015flad\u0131\u011f\u0131m g\u00fcnden ald\u0131\u011f\u0131m enerji, g\u00fcven ortam\u0131 i\u015fimi g\u00fcn ge\u00e7tik\u00e7e sevdirdi. \u00c7al\u0131\u015fma arkada\u015flar\u0131m\u0131z,patronumuz tam bir aile ortam\u0131 i\u00e7erisinde \u00e7al\u0131\u015fmak harika. Simple Group&#8230; <a class=\"view-article\" href=\"https:\/\/www.simplecc.net\/fr\/references\/nos-employes\/\">Devam\u0131<\/a>","protected":false},"author":1,"featured_media":0,"parent":239,"menu_order":0,"comment_status":"closed","ping_status":"closed","template":"","meta":{"om_disable_all_campaigns":false,"inline_featured_image":false,"_monsterinsights_skip_tracking":false,"_monsterinsights_sitenote_active":false,"_monsterinsights_sitenote_note":"","_monsterinsights_sitenote_category":0},"_links":{"self":[{"href":"https:\/\/www.simplecc.net\/fr\/wp-json\/wp\/v2\/pages\/241"}],"collection":[{"href":"https:\/\/www.simplecc.net\/fr\/wp-json\/wp\/v2\/pages"}],"about":[{"href":"https:\/\/www.simplecc.net\/fr\/wp-json\/wp\/v2\/types\/page"}],"author":[{"embeddable":true,"href":"https:\/\/www.simplecc.net\/fr\/wp-json\/wp\/v2\/users\/1"}],"replies":[{"embeddable":true,"href":"https:\/\/www.simplecc.net\/fr\/wp-json\/wp\/v2\/comments?post=241"}],"version-history":[{"count":6,"href":"https:\/\/www.simplecc.net\/fr\/wp-json\/wp\/v2\/pages\/241\/revisions"}],"predecessor-version":[{"id":1249,"href":"https:\/\/www.simplecc.net\/fr\/wp-json\/wp\/v2\/pages\/241\/revisions\/1249"}],"up":[{"embeddable":true,"href":"https:\/\/www.simplecc.net\/fr\/wp-json\/wp\/v2\/pages\/239"}],"wp:attachment":[{"href":"https:\/\/www.simplecc.net\/fr\/wp-json\/wp\/v2\/media?parent=241"}],"curies":[{"name":"wp","href":"https:\/\/api.w.org\/{rel}","templated":true}]}}