{"id":237,"date":"2017-11-09T21:57:27","date_gmt":"2017-11-09T18:57:27","guid":{"rendered":"http:\/\/www.simplecc.net\/?page_id=237"},"modified":"2022-05-30T13:19:19","modified_gmt":"2022-05-30T10:19:19","slug":"pourquoi-nous","status":"publish","type":"page","link":"https:\/\/www.simplecc.net\/fr\/pourquoi-nous\/","title":{"rendered":"Pourquoi Nous?"},"content":{"rendered":"<p><strong>En tant qu&rsquo;entreprise, nous vous garantissons que vous optimiserez votre performance et r\u00e9duisez vos d\u00e9penses au plus bas niveau; Votre demande est notre affaire!<\/strong><\/p>\n<p><strong>Nos Valeurs , Notre force:<\/strong><\/p>\n<ul class=\"content\">\n<li>Efficience, rigueur, qualit\u00e9 et r\u00e9activit\u00e9 sont nos maitres mots<\/li>\n<li>ainsi nous vous assurons un service \u00e0 la hauteur de vos d\u00e9fis\/attentes\/imp\u00e9ratifs op\u00e9rationnels<\/li>\n<li>Une force de proposition d\u00e9coulant d\u2019une veille permanente de vos march\u00e9s cibles<\/li>\n<\/ul>\n<p><strong>Nos procedures, notre garantie d\u2019efficience:<\/strong><\/p>\n<ul class=\"content\">\n<li>R\u00e9fl\u00e9chies et mises en place par nos experts de la relation client, nos proc\u00e9dures sont rod\u00e9es et mises \u00e0 jour p\u00e9riodiquement pour accompagner l\u2019\u00e9volution de vos march\u00e9s cibles et ne jamais \u00eatre d\u00e9pass\u00e9es.<\/li>\n<li>Lecture et analyse efficient de vos cahiers de charges de la part de nos responsables de d\u00e9partements intervenant.<\/li>\n<li>Analyse de vos besoins et attentes lors d\u2019echanges avec nos experts en analyse de projets.<\/li>\n<li>Un responsable de projet exclusivement d\u00e9di\u00e9.<\/li>\n<li>Des interlocuteurs experts dans leurs domaines d\u2019intervention respectifs (Recrutement, formation, qualit\u00e9 prod,IT\u2026.etc).<\/li>\n<li>Une infrastructure \u00e0 la pointe de technologie.<\/li>\n<li>S\u00e9curisation optimale des donn\u00e9es.<\/li>\n<li>Respects total des normes en vigueur dans les pays cible.<\/li>\n<\/ul>\n<p><a style=\"background-color: #9f1d21; padding: 5px 10px; color: #fff;\" href=\"\/fr\/demande-doffre\/\">Explorez d&rsquo;ici <i class=\"fa fa-arrow-circle-right\"><\/i><\/a><\/p>\n","protected":false},"excerpt":{"rendered":"En tant qu&rsquo;entreprise, nous vous garantissons que vous optimiserez votre performance et r\u00e9duisez vos d\u00e9penses au plus bas niveau; Votre demande est notre affaire! Nos Valeurs , Notre force: Efficience, rigueur, qualit\u00e9 et r\u00e9activit\u00e9 sont nos maitres mots ainsi nous vous assurons un service \u00e0 la hauteur de vos d\u00e9fis\/attentes\/imp\u00e9ratifs op\u00e9rationnels Une force de proposition&#8230; <a class=\"view-article\" href=\"https:\/\/www.simplecc.net\/fr\/pourquoi-nous\/\">Devam\u0131<\/a>","protected":false},"author":1,"featured_media":0,"parent":0,"menu_order":0,"comment_status":"closed","ping_status":"closed","template":"","meta":{"om_disable_all_campaigns":false,"inline_featured_image":false,"_monsterinsights_skip_tracking":false,"_monsterinsights_sitenote_active":false,"_monsterinsights_sitenote_note":"","_monsterinsights_sitenote_category":0},"_links":{"self":[{"href":"https:\/\/www.simplecc.net\/fr\/wp-json\/wp\/v2\/pages\/237"}],"collection":[{"href":"https:\/\/www.simplecc.net\/fr\/wp-json\/wp\/v2\/pages"}],"about":[{"href":"https:\/\/www.simplecc.net\/fr\/wp-json\/wp\/v2\/types\/page"}],"author":[{"embeddable":true,"href":"https:\/\/www.simplecc.net\/fr\/wp-json\/wp\/v2\/users\/1"}],"replies":[{"embeddable":true,"href":"https:\/\/www.simplecc.net\/fr\/wp-json\/wp\/v2\/comments?post=237"}],"version-history":[{"count":4,"href":"https:\/\/www.simplecc.net\/fr\/wp-json\/wp\/v2\/pages\/237\/revisions"}],"predecessor-version":[{"id":1214,"href":"https:\/\/www.simplecc.net\/fr\/wp-json\/wp\/v2\/pages\/237\/revisions\/1214"}],"wp:attachment":[{"href":"https:\/\/www.simplecc.net\/fr\/wp-json\/wp\/v2\/media?parent=237"}],"curies":[{"name":"wp","href":"https:\/\/api.w.org\/{rel}","templated":true}]}}