{"id":232,"date":"2017-11-09T21:53:17","date_gmt":"2017-11-09T18:53:17","guid":{"rendered":"http:\/\/www.simplecc.net\/?page_id=232"},"modified":"2022-05-30T13:28:12","modified_gmt":"2022-05-30T10:28:12","slug":"carriere","status":"publish","type":"page","link":"https:\/\/www.simplecc.net\/fr\/carriere\/","title":{"rendered":"Carri\u00e8re"},"content":{"rendered":"<p>Vous \u00eates \u00e0 la recherche d&rsquo;un travail commercial? \u00cates-vous le revendeur que nous recherchions? Alors continuez \u00e0 lire tout de suite!<\/p>\n<p><strong>Description de l&#8217;emploi:<\/strong><\/p>\n<p>Aimez-vous de communiquer avec les gens? Vous aimez appeler et faire une vente et offrir un service est une passion pour vous ? Alors vous \u00eates \u00e0 la bonne adresse!<\/p>\n<p><strong>SIMPLE GROUP<\/strong>\u00a0accompagne au quotidien ses collaborateurs en se basant sur des valeurs telles que la solidarit\u00e9, l\u2019engagement et l\u2019int\u00e9grit\u00e9\u2026<br \/>\nSi vous aussi, vous partagez ces valeurs, n\u2019attendez-plus et venez relever de nouveaux d\u00e9fis avec SIMPLE GROUP!<\/p>\n<ul class=\"content\">\n<li>Nous vous accueillons et vous int\u00e9grons dans les r\u00e8gles de l\u2019art, nous partageons avec vous nos valeurs au d\u00e9but de votre aprcours d\u2019int\u00e9gration.<\/li>\n<li>Ensuite nous vous formons aux r\u00e8gles de base des m\u00e9tiers de la gestion de la relation client.<\/li>\n<li>L\u2019initiation aux produits et services que vous allez commercialiser ou pour lesquels vous allez apporter une assistance sp\u00e9cifique vient ensuite compl\u00e9ter votre parcours de formation initiale.<\/li>\n<li>Votre mont\u00e9e en comp\u00e9tence est ensuite la responsabilit\u00e9 de nos coachs et managers de proximit\u00e9 qui sont eux-m\u00eames form\u00e9s et rod\u00e9s aux techniques de management ludique et humain.<\/li>\n<li>Nos installations et proc\u00e9dures op\u00e9rationnellles vous installent dans un confort de travail sans \u00e9gal.<\/li>\n<\/ul>\n<p><a style=\"background-color: #9f1d21; padding: 5px 10px; color: #fff;\" href=\"\/fr\/contactez-immediatement\/\">Contactez-nous maintenant! <i class=\"fa fa-arrow-circle-right\"><\/i><\/a><\/p>\n","protected":false},"excerpt":{"rendered":"Vous \u00eates \u00e0 la recherche d&rsquo;un travail commercial? \u00cates-vous le revendeur que nous recherchions? Alors continuez \u00e0 lire tout de suite! Description de l&#8217;emploi: Aimez-vous de communiquer avec les gens? Vous aimez appeler et faire une vente et offrir un service est une passion pour vous ? Alors vous \u00eates \u00e0 la bonne adresse! SIMPLE&#8230; <a class=\"view-article\" href=\"https:\/\/www.simplecc.net\/fr\/carriere\/\">Devam\u0131<\/a>","protected":false},"author":1,"featured_media":0,"parent":0,"menu_order":0,"comment_status":"closed","ping_status":"closed","template":"","meta":{"om_disable_all_campaigns":false,"inline_featured_image":false,"_monsterinsights_skip_tracking":false,"_monsterinsights_sitenote_active":false,"_monsterinsights_sitenote_note":"","_monsterinsights_sitenote_category":0},"_links":{"self":[{"href":"https:\/\/www.simplecc.net\/fr\/wp-json\/wp\/v2\/pages\/232"}],"collection":[{"href":"https:\/\/www.simplecc.net\/fr\/wp-json\/wp\/v2\/pages"}],"about":[{"href":"https:\/\/www.simplecc.net\/fr\/wp-json\/wp\/v2\/types\/page"}],"author":[{"embeddable":true,"href":"https:\/\/www.simplecc.net\/fr\/wp-json\/wp\/v2\/users\/1"}],"replies":[{"embeddable":true,"href":"https:\/\/www.simplecc.net\/fr\/wp-json\/wp\/v2\/comments?post=232"}],"version-history":[{"count":6,"href":"https:\/\/www.simplecc.net\/fr\/wp-json\/wp\/v2\/pages\/232\/revisions"}],"predecessor-version":[{"id":1246,"href":"https:\/\/www.simplecc.net\/fr\/wp-json\/wp\/v2\/pages\/232\/revisions\/1246"}],"wp:attachment":[{"href":"https:\/\/www.simplecc.net\/fr\/wp-json\/wp\/v2\/media?parent=232"}],"curies":[{"name":"wp","href":"https:\/\/api.w.org\/{rel}","templated":true}]}}