{"id":230,"date":"2017-11-09T21:49:33","date_gmt":"2017-11-09T18:49:33","guid":{"rendered":"http:\/\/www.simplecc.net\/?page_id=230"},"modified":"2022-05-30T13:26:32","modified_gmt":"2022-05-30T10:26:32","slug":"notre-qualite","status":"publish","type":"page","link":"https:\/\/www.simplecc.net\/fr\/notre-qualite\/","title":{"rendered":"Notre Qualit\u00e9"},"content":{"rendered":"<p><strong>RESSOURCES HUMAINES<br \/>\n<\/strong><br \/>\nNos employ\u00e9s sont notre source de succ\u00e8s et restent au c\u0153ur de nos pr\u00e9occupations; pour cette raison, nous \u00e9tudions les qualit\u00e9s les plus \u00e9lev\u00e9es de chaque choix, l&rsquo;\u00e9ducation et le recrutement en \u00e9valuant les profils de chaque candidat afin de d\u00e9terminer notre ligne dans la bonne direction et d&rsquo;\u00e9valuer les comp\u00e9tences pour compl\u00e9ter la t\u00e2che.<\/p>\n<p><strong>NOS FORMATIONS<br \/>\n<\/strong><\/p>\n<p>Nos formations se composent de plusieurs \u00e9tapes, nous utilisons la nouvelle m\u00e9thode de \u00ab\u00a0serious games\u00a0\u00bb afin de ne pas oublier l&rsquo;\u00e9ducation de nos clients sur diff\u00e9rents syst\u00e8mes.<br \/>\nL&rsquo;intervention de nos conseillers en appels op\u00e9rationnels garantit une qualit\u00e9 d&rsquo;\u00e9ducation durable.<\/p>\n<p>Le processus de formation ne se termine pas au d\u00e9but d&rsquo;une campagne, mais est \u00e9galement g\u00e9r\u00e9 par notre D\u00e9partement de Contr\u00f4le de Qualit\u00e9, qui fournit une \u00e9ducation sp\u00e9ciale permanente bas\u00e9e sur les points forts et les domaines d&rsquo;am\u00e9lioration pour tous nos employ\u00e9s.<\/p>\n<p><strong>CONTR\u00d4LE DE QUALIT\u00c9<br \/>\n<\/strong><br \/>\nLes diff\u00e9rents processus dans notre D\u00e9partement de Contr\u00f4le de Qualit\u00e9 ont un but et ceci est d&rsquo;am\u00e9liorer l&rsquo;exp\u00e9rience de nos clients.<\/p>\n<p><strong>STRUCTURE TECHNOLOGIQUE<\/strong><\/p>\n<p>Une technologie avanc\u00e9e pour un maximum d&rsquo;efficacit\u00e9 et de contr\u00f4le pour r\u00e9aliser les projets.<\/p>\n<p><strong>SUIVI DE LA QUALIT\u00c9<\/strong> :<\/p>\n<ul class=\"content\">\n<li>Suivi des n\u00e9gociations (en temps r\u00e9el)<\/li>\n<li>Contr\u00f4le de l&rsquo;ex\u00e9cution des transactions<\/li>\n<li>Rapports Clients<\/li>\n<li>Analyser les r\u00e9sultats<\/li>\n<\/ul>\n","protected":false},"excerpt":{"rendered":"RESSOURCES HUMAINES Nos employ\u00e9s sont notre source de succ\u00e8s et restent au c\u0153ur de nos pr\u00e9occupations; pour cette raison, nous \u00e9tudions les qualit\u00e9s les plus \u00e9lev\u00e9es de chaque choix, l&rsquo;\u00e9ducation et le recrutement en \u00e9valuant les profils de chaque candidat afin de d\u00e9terminer notre ligne dans la bonne direction et d&rsquo;\u00e9valuer les comp\u00e9tences pour compl\u00e9ter&#8230; <a class=\"view-article\" href=\"https:\/\/www.simplecc.net\/fr\/notre-qualite\/\">Devam\u0131<\/a>","protected":false},"author":1,"featured_media":11,"parent":0,"menu_order":0,"comment_status":"closed","ping_status":"closed","template":"","meta":{"om_disable_all_campaigns":false,"inline_featured_image":false,"_monsterinsights_skip_tracking":false,"_monsterinsights_sitenote_active":false,"_monsterinsights_sitenote_note":"","_monsterinsights_sitenote_category":0},"_links":{"self":[{"href":"https:\/\/www.simplecc.net\/fr\/wp-json\/wp\/v2\/pages\/230"}],"collection":[{"href":"https:\/\/www.simplecc.net\/fr\/wp-json\/wp\/v2\/pages"}],"about":[{"href":"https:\/\/www.simplecc.net\/fr\/wp-json\/wp\/v2\/types\/page"}],"author":[{"embeddable":true,"href":"https:\/\/www.simplecc.net\/fr\/wp-json\/wp\/v2\/users\/1"}],"replies":[{"embeddable":true,"href":"https:\/\/www.simplecc.net\/fr\/wp-json\/wp\/v2\/comments?post=230"}],"version-history":[{"count":1,"href":"https:\/\/www.simplecc.net\/fr\/wp-json\/wp\/v2\/pages\/230\/revisions"}],"predecessor-version":[{"id":231,"href":"https:\/\/www.simplecc.net\/fr\/wp-json\/wp\/v2\/pages\/230\/revisions\/231"}],"wp:featuredmedia":[{"embeddable":true,"href":"https:\/\/www.simplecc.net\/fr\/wp-json\/wp\/v2\/media\/11"}],"wp:attachment":[{"href":"https:\/\/www.simplecc.net\/fr\/wp-json\/wp\/v2\/media?parent=230"}],"curies":[{"name":"wp","href":"https:\/\/api.w.org\/{rel}","templated":true}]}}