{"id":228,"date":"2017-11-09T21:47:44","date_gmt":"2017-11-09T18:47:44","guid":{"rendered":"http:\/\/www.simplecc.net\/?page_id=228"},"modified":"2022-05-30T13:35:14","modified_gmt":"2022-05-30T10:35:14","slug":"ressources-humaines","status":"publish","type":"page","link":"https:\/\/www.simplecc.net\/fr\/ressources-humaines\/","title":{"rendered":"Ressources Humaines"},"content":{"rendered":"<p>Le recrutement dans Simple Group est effectu\u00e9 par le responsable d&#8217;embauche. Gr\u00e2ce aux divers sites d&rsquo;application et aux brochures, nous avons \u00e9tabli une base de donn\u00e9es compl\u00e8te des candidats potentiels. Apr\u00e8s l&rsquo;appel t\u00e9l\u00e9phonique, le responsable de recrutement d\u00e9cide s&rsquo;il a gagn\u00e9 ou le droit d&rsquo;entretien d&#8217;embauche. Vous avez besoin d&rsquo;un personnel ayant des comp\u00e9tences sp\u00e9cifiques pour cette branche? Nous serons heureux de vous aider \u00e0 trouver le meilleur candidat pour vous.<\/p>\n","protected":false},"excerpt":{"rendered":"Le recrutement dans Simple Group est effectu\u00e9 par le responsable d&#8217;embauche. Gr\u00e2ce aux divers sites d&rsquo;application et aux brochures, nous avons \u00e9tabli une base de donn\u00e9es compl\u00e8te des candidats potentiels. Apr\u00e8s l&rsquo;appel t\u00e9l\u00e9phonique, le responsable de recrutement d\u00e9cide s&rsquo;il a gagn\u00e9 ou le droit d&rsquo;entretien d&#8217;embauche. Vous avez besoin d&rsquo;un personnel ayant des comp\u00e9tences sp\u00e9cifiques&#8230; <a class=\"view-article\" href=\"https:\/\/www.simplecc.net\/fr\/ressources-humaines\/\">Devam\u0131<\/a>","protected":false},"author":1,"featured_media":1221,"parent":0,"menu_order":0,"comment_status":"closed","ping_status":"closed","template":"","meta":{"om_disable_all_campaigns":false,"inline_featured_image":false,"_monsterinsights_skip_tracking":false,"_monsterinsights_sitenote_active":false,"_monsterinsights_sitenote_note":"","_monsterinsights_sitenote_category":0},"_links":{"self":[{"href":"https:\/\/www.simplecc.net\/fr\/wp-json\/wp\/v2\/pages\/228"}],"collection":[{"href":"https:\/\/www.simplecc.net\/fr\/wp-json\/wp\/v2\/pages"}],"about":[{"href":"https:\/\/www.simplecc.net\/fr\/wp-json\/wp\/v2\/types\/page"}],"author":[{"embeddable":true,"href":"https:\/\/www.simplecc.net\/fr\/wp-json\/wp\/v2\/users\/1"}],"replies":[{"embeddable":true,"href":"https:\/\/www.simplecc.net\/fr\/wp-json\/wp\/v2\/comments?post=228"}],"version-history":[{"count":2,"href":"https:\/\/www.simplecc.net\/fr\/wp-json\/wp\/v2\/pages\/228\/revisions"}],"predecessor-version":[{"id":284,"href":"https:\/\/www.simplecc.net\/fr\/wp-json\/wp\/v2\/pages\/228\/revisions\/284"}],"wp:featuredmedia":[{"embeddable":true,"href":"https:\/\/www.simplecc.net\/fr\/wp-json\/wp\/v2\/media\/1221"}],"wp:attachment":[{"href":"https:\/\/www.simplecc.net\/fr\/wp-json\/wp\/v2\/media?parent=228"}],"curies":[{"name":"wp","href":"https:\/\/api.w.org\/{rel}","templated":true}]}}