{"id":222,"date":"2017-11-09T21:14:46","date_gmt":"2017-11-09T18:14:46","guid":{"rendered":"http:\/\/www.simplecc.net\/?page_id=222"},"modified":"2022-05-30T13:27:53","modified_gmt":"2022-05-30T10:27:53","slug":"a-propos-de-nous","status":"publish","type":"page","link":"https:\/\/www.simplecc.net\/fr\/a-propos-de-nous\/","title":{"rendered":"\u00c0 Propos de Nous"},"content":{"rendered":"<p><iframe loading=\"lazy\" src=\"https:\/\/www.youtube.com\/embed\/W8_d8tHa3mw?rel=0&amp;controls=0?ecver=2\" width=\"100%\" height=\"450\" frameborder=\"0\" allowfullscreen=\"allowfullscreen\"><\/iframe><\/p>\n<p>Simple Group est une entreprise moderne sp\u00e9cialis\u00e9e sur les services et les ventes \u00e0 distance dont le si\u00e8ge social est \u00e0 Bayrakl\u0131 \/ Izmir Emino\u011flu Plaza. La Soci\u00e9t\u00e9 a \u00e9t\u00e9 cr\u00e9\u00e9e en 2015.<\/p>\n<p>Nous sommes devenus \u00e0 une soci\u00e9t\u00e9 r\u00e9ussite \u00e0 la suite d&rsquo;un commencement difficile!<\/p>\n<p>Nous \u00e9largissons nos relations que nous avons cr\u00e9\u00e9es avec nos clients sur la confiance, la qualit\u00e9 et la transparence maintenant avec nos nouveaux clients en Europe et en Turquie.<\/p>\n<p>\u00ab\u00a0Simple Group\u00a0\u00bb pour r\u00e9pondre \u00e0 chaque besoin a d\u00e9velopp\u00e9 ses ressources humaines, des sources techniques et logistiques n\u00e9cessaires pour obtenir les r\u00e9sultats cibl\u00e9s pour les partenariats \u00e0 valeur ajout\u00e9e et pour l&rsquo;ex\u00e9cution des projets.<\/p>\n<p>Le Directeur G\u00e9n\u00e9ral a une exp\u00e9rience de 15 ann\u00e9es dans le domaine de t\u00e9l\u00e9 vente et d&rsquo;offshore et offre un service avec les centres d&rsquo;appel lui appartenant dans des pays diff\u00e9rents depuis 10 ann\u00e9es.<\/p>\n<p>Simple Group est en pleine expansion en Turquie et \u00e0 l&rsquo;\u00e9tranger; il a six filiales au total pour l&rsquo;instant. Ses trois filiales sont \u00e0 Izmir, une filiale \u00e0 Alanya, une filiale \u00e0 Antalya et une filiale \u00e0 Istanbul.<\/p>\n<p>La soci\u00e9t\u00e9 est sp\u00e9cialis\u00e9e sur la formation de vente et de gestion. L&rsquo;\u00e9quipe de gestion est constitu\u00e9e d&rsquo;un directeur, des auditeurs, des directeurs g\u00e9n\u00e9raux \/ de support, de recrutement et de back-office. Tous ensemble, ils assurent la meilleure qualit\u00e9 et le meilleur suivi de tous les employ\u00e9s et des toutes les filiales.<\/p>\n\n\t\t<style type=\"text\/css\">\n\t\t\t#gallery-1 {\n\t\t\t\tmargin: auto;\n\t\t\t}\n\t\t\t#gallery-1 .gallery-item {\n\t\t\t\tfloat: left;\n\t\t\t\tmargin-top: 10px;\n\t\t\t\ttext-align: center;\n\t\t\t\twidth: 25%;\n\t\t\t}\n\t\t\t#gallery-1 img {\n\t\t\t\tborder: 2px solid #cfcfcf;\n\t\t\t}\n\t\t\t#gallery-1 .gallery-caption {\n\t\t\t\tmargin-left: 0;\n\t\t\t}\n\t\t\t\/* see gallery_shortcode() in wp-includes\/media.php *\/\n\t\t<\/style>\n\t\t<div id='gallery-1' class='gallery galleryid-222 gallery-columns-4 gallery-size-thumbnail'><dl class='gallery-item'>\n\t\t\t<dt class='gallery-icon landscape'>\n\t\t\t\t<a href='https:\/\/www.simplecc.net\/wp-content\/uploads\/2017\/10\/IMG_8120.jpg' title=\"\" data-rl_title=\"\" class=\"rl-gallery-link\" data-rl_caption=\"\" data-rel=\"lightbox-gallery-1\"><img width=\"150\" height=\"150\" src=\"https:\/\/www.simplecc.net\/wp-content\/uploads\/2017\/10\/IMG_8120-150x150.jpg\" class=\"attachment-thumbnail size-thumbnail\" alt=\"\" loading=\"lazy\" \/><\/a>\n\t\t\t<\/dt><\/dl><dl class='gallery-item'>\n\t\t\t<dt class='gallery-icon landscape'>\n\t\t\t\t<a href='https:\/\/www.simplecc.net\/wp-content\/uploads\/2017\/10\/IMG_8103.jpg' title=\"\" data-rl_title=\"\" class=\"rl-gallery-link\" data-rl_caption=\"\" data-rel=\"lightbox-gallery-1\"><img width=\"150\" height=\"150\" src=\"https:\/\/www.simplecc.net\/wp-content\/uploads\/2017\/10\/IMG_8103-150x150.jpg\" class=\"attachment-thumbnail size-thumbnail\" alt=\"\" loading=\"lazy\" \/><\/a>\n\t\t\t<\/dt><\/dl><dl class='gallery-item'>\n\t\t\t<dt class='gallery-icon portrait'>\n\t\t\t\t<a href='https:\/\/www.simplecc.net\/wp-content\/uploads\/2017\/10\/IMG_8119.jpg' title=\"\" data-rl_title=\"\" class=\"rl-gallery-link\" data-rl_caption=\"\" data-rel=\"lightbox-gallery-1\"><img width=\"150\" height=\"150\" src=\"https:\/\/www.simplecc.net\/wp-content\/uploads\/2017\/10\/IMG_8119-150x150.jpg\" class=\"attachment-thumbnail size-thumbnail\" alt=\"\" loading=\"lazy\" \/><\/a>\n\t\t\t<\/dt><\/dl><dl class='gallery-item'>\n\t\t\t<dt class='gallery-icon landscape'>\n\t\t\t\t<a href='https:\/\/www.simplecc.net\/wp-content\/uploads\/2017\/10\/IMG_8105.jpg' title=\"\" data-rl_title=\"\" class=\"rl-gallery-link\" data-rl_caption=\"\" data-rel=\"lightbox-gallery-1\"><img width=\"150\" height=\"150\" src=\"https:\/\/www.simplecc.net\/wp-content\/uploads\/2017\/10\/IMG_8105-150x150.jpg\" class=\"attachment-thumbnail size-thumbnail\" alt=\"\" loading=\"lazy\" \/><\/a>\n\t\t\t<\/dt><\/dl><br style=\"clear: both\" \/>\n\t\t<\/div>\n\n","protected":false},"excerpt":{"rendered":"Simple Group est une entreprise moderne sp\u00e9cialis\u00e9e sur les services et les ventes \u00e0 distance dont le si\u00e8ge social est \u00e0 Bayrakl\u0131 \/ Izmir Emino\u011flu Plaza. La Soci\u00e9t\u00e9 a \u00e9t\u00e9 cr\u00e9\u00e9e en 2015. Nous sommes devenus \u00e0 une soci\u00e9t\u00e9 r\u00e9ussite \u00e0 la suite d&rsquo;un commencement difficile! Nous \u00e9largissons nos relations que nous avons cr\u00e9\u00e9es avec&#8230; <a class=\"view-article\" href=\"https:\/\/www.simplecc.net\/fr\/a-propos-de-nous\/\">Devam\u0131<\/a>","protected":false},"author":1,"featured_media":0,"parent":0,"menu_order":0,"comment_status":"closed","ping_status":"closed","template":"","meta":{"om_disable_all_campaigns":false,"inline_featured_image":false,"_monsterinsights_skip_tracking":false,"_monsterinsights_sitenote_active":false,"_monsterinsights_sitenote_note":"","_monsterinsights_sitenote_category":0},"_links":{"self":[{"href":"https:\/\/www.simplecc.net\/fr\/wp-json\/wp\/v2\/pages\/222"}],"collection":[{"href":"https:\/\/www.simplecc.net\/fr\/wp-json\/wp\/v2\/pages"}],"about":[{"href":"https:\/\/www.simplecc.net\/fr\/wp-json\/wp\/v2\/types\/page"}],"author":[{"embeddable":true,"href":"https:\/\/www.simplecc.net\/fr\/wp-json\/wp\/v2\/users\/1"}],"replies":[{"embeddable":true,"href":"https:\/\/www.simplecc.net\/fr\/wp-json\/wp\/v2\/comments?post=222"}],"version-history":[{"count":6,"href":"https:\/\/www.simplecc.net\/fr\/wp-json\/wp\/v2\/pages\/222\/revisions"}],"predecessor-version":[{"id":513,"href":"https:\/\/www.simplecc.net\/fr\/wp-json\/wp\/v2\/pages\/222\/revisions\/513"}],"wp:attachment":[{"href":"https:\/\/www.simplecc.net\/fr\/wp-json\/wp\/v2\/media?parent=222"}],"curies":[{"name":"wp","href":"https:\/\/api.w.org\/{rel}","templated":true}]}}